{"id":38677,"date":"2025-10-08T11:41:12","date_gmt":"2025-10-08T11:41:12","guid":{"rendered":"https:\/\/softandpower.com\/?page_id=38677"},"modified":"2026-02-05T11:39:49","modified_gmt":"2026-02-05T11:39:49","slug":"mission-vision","status":"publish","type":"page","link":"https:\/\/softandpower.com\/tr\/mission-vision\/","title":{"rendered":"Misyon &amp; Vizyon"},"content":{"rendered":"<div data-elementor-type=\"wp-page\" data-elementor-id=\"38677\" class=\"elementor elementor-38677\">\n\t\t\t\t\t\t<section class=\"elementor-section elementor-top-section elementor-element elementor-element-38bf265 elementor-section-boxed elementor-section-height-default elementor-section-height-default sc_fly_static\" data-id=\"38bf265\" data-element_type=\"section\">\n\t\t\t\t\t\t<div class=\"elementor-container elementor-column-gap-extended\">\n\t\t\t\t\t<div class=\"elementor-column elementor-col-100 elementor-top-column elementor-element elementor-element-08c5d05 sc_content_align_inherit sc_layouts_column_icons_position_left sc_fly_static\" data-id=\"08c5d05\" data-element_type=\"column\">\n\t\t\t<div class=\"elementor-widget-wrap elementor-element-populated\">\n\t\t\t\t\t\t<div class=\"elementor-element elementor-element-40a032f sc_height_large sc_fly_static elementor-widget elementor-widget-spacer\" data-id=\"40a032f\" data-element_type=\"widget\" data-widget_type=\"spacer.default\">\n\t\t\t\t<div class=\"elementor-widget-container\">\n\t\t\t\t\t\t\t<div class=\"elementor-spacer\">\n\t\t\t<div class=\"elementor-spacer-inner\"><\/div>\n\t\t<\/div>\n\t\t\t\t\t\t<\/div>\n\t\t\t\t<\/div>\n\t\t\t\t<div data-animation-type=\"sequental\" data-animation-stagger=\"\" class=\"elementor-element elementor-element-cbe7be4 animation_type_sequental sc_fly_static elementor-invisible elementor-widget elementor-widget-trx_sc_icons\" data-id=\"cbe7be4\" data-element_type=\"widget\" data-settings=\"{&quot;_animation&quot;:&quot;cobble-fadeinup&quot;,&quot;_animation_delay&quot;:100}\" data-widget_type=\"trx_sc_icons.default\">\n\t\t\t\t<div class=\"elementor-widget-container\">\n\t\t\t\t\t<div \tclass=\"sc_icons sc_icons_plate sc_icons_size_large sc_align_center\" ><div class=\"sc_icons_columns_wrap sc_item_columns trx_addons_columns_wrap columns_padding_bottom columns_in_single_row\" ><div class=\"trx_addons_column-1_2 trx_addons_column-1_2-tablet trx_addons_column-1_2-mobile\"><div class=\"sc_icons_item\"><div class=\"sc_icons_icon sc_icon_type_ icon-light\" ><span class=\"sc_icon_type_ icon-light\"><\/span><\/div><div class=\"sc_icons_item_details\"><h4 class=\"sc_icons_item_title\"><span>Misyon<\/span><\/h4><div class=\"sc_icons_item_description\"><span>At VEFA GLOBAL PAZARLAMA SANAY\u0130 VE T\u0130CARET L\u0130M\u0130TED \u015e\u0130RKET\u0130, we are dedicated to producing hygiene products with care and attention, helping people feel safe, confident, and comfortable every day. Our assortment includes baby and adult diapers, pants, sanitary and urological pads, underpads, wet wipes, and other personal hygiene products. <br><\/span><span><\/span><span>Modern teknolojilere dayan\u0131yoruz, ancak odak noktam\u0131z insan ve onun g\u00fcnl\u00fck ihtiya\u00e7lar\u0131d\u0131r. Kalite, g\u00fcvenlik ve eri\u015filebilirli\u011fin ger\u00e7ek bak\u0131m\u0131n temeli oldu\u011funa inan\u0131yoruz ve her \u00fcr\u00fcn\u00fcm\u00fcze bunu yans\u0131tmay\u0131 ama\u00e7l\u0131yoruz. <br><\/span><span>Amac\u0131m\u0131z yaln\u0131zca \u00fcretmek de\u011fil; g\u00fcnl\u00fck hayata huzur, g\u00fcven ve rahatl\u0131k katan faydal\u0131 ve g\u00fcvenilir \u00e7\u00f6z\u00fcmler sunmakt\u0131r. Geli\u015fimimizi, ad\u0131m ad\u0131m kazand\u0131\u011f\u0131m\u0131z g\u00fcven \u00fczerine in\u015fa ediyoruz \u2014 kalite, ayr\u0131nt\u0131lara g\u00f6sterilen \u00f6zen ve insanlar\u0131n hayatlar\u0131n\u0131n \u00f6nemli anlar\u0131nda yanlar\u0131nda olma iste\u011fimizle.<\/span><span><\/span><\/div><\/div><\/div><\/div><div class=\"trx_addons_column-1_2 trx_addons_column-1_2-tablet trx_addons_column-1_2-mobile\"><div class=\"sc_icons_item\"><div class=\"sc_icons_icon sc_icon_type_ icon-targeting\" ><span class=\"sc_icon_type_ icon-targeting\"><\/span><\/div><div class=\"sc_icons_item_details\"><h4 class=\"sc_icons_item_title\"><span>Vizyon<\/span><\/h4><div class=\"sc_icons_item_description\"><span>Misyonumuz; T\u00fcrkiye, Avrupa, Orta Do\u011fu ve Uzak Do\u011fu pazarlar\u0131nda y\u00fcksek kalite, modern yakla\u015f\u0131m ve ayr\u0131nt\u0131lara verilen \u00f6nem ile \u00f6ne \u00e7\u0131kan g\u00fc\u00e7l\u00fc markalar geli\u015ftirmektir. T\u00fcketici beklentilerini ve teknolojik trendleri takip ederek her g\u00fcn daha iyi olmay\u0131 ve daha kaliteli \u00fcr\u00fcnler sunmay\u0131 hedefliyoruz.<\/span><\/div><\/div><\/div><\/div><\/div><\/div><!-- \/.sc_icons -->\t\t\t\t<\/div>\n\t\t\t\t<\/div>\n\t\t\t\t<div class=\"elementor-element elementor-element-90bcbb3 sc_layouts_hide_on_wide sc_layouts_hide_on_desktop sc_layouts_hide_on_notebook sc_layouts_hide_on_tablet sc_fly_static elementor-widget elementor-widget-spacer\" data-id=\"90bcbb3\" data-element_type=\"widget\" data-widget_type=\"spacer.default\">\n\t\t\t\t<div class=\"elementor-widget-container\">\n\t\t\t\t\t\t\t<div class=\"elementor-spacer\">\n\t\t\t<div class=\"elementor-spacer-inner\"><\/div>\n\t\t<\/div>\n\t\t\t\t\t\t<\/div>\n\t\t\t\t<\/div>\n\t\t\t\t\t<\/div>\n\t\t<\/div>\n\t\t\t\t\t<\/div>\n\t\t<\/section>\n\t\t\t\t<section class=\"elementor-section elementor-top-section elementor-element elementor-element-3dfc846 elementor-section-boxed elementor-section-height-default elementor-section-height-default sc_fly_static\" data-id=\"3dfc846\" data-element_type=\"section\">\n\t\t\t\t\t\t<div class=\"elementor-container elementor-column-gap-extended\">\n\t\t\t\t\t<div class=\"elementor-column elementor-col-100 elementor-top-column elementor-element elementor-element-d9332f3 sc_content_align_inherit sc_layouts_column_icons_position_left sc_fly_static\" data-id=\"d9332f3\" data-element_type=\"column\">\n\t\t\t<div class=\"elementor-widget-wrap elementor-element-populated\">\n\t\t\t\t\t\t<div class=\"elementor-element elementor-element-e66b949 sc_height_large sc_fly_static elementor-widget elementor-widget-spacer\" data-id=\"e66b949\" data-element_type=\"widget\" data-widget_type=\"spacer.default\">\n\t\t\t\t<div class=\"elementor-widget-container\">\n\t\t\t\t\t\t\t<div class=\"elementor-spacer\">\n\t\t\t<div class=\"elementor-spacer-inner\"><\/div>\n\t\t<\/div>\n\t\t\t\t\t\t<\/div>\n\t\t\t\t<\/div>\n\t\t\t\t\t<\/div>\n\t\t<\/div>\n\t\t\t\t\t<\/div>\n\t\t<\/section>\n\t\t\t\t<\/div>","protected":false},"excerpt":{"rendered":"<p>Our Mission At VEFA GLOBAL PAZARLAMA SANAY\u0130 VE T\u0130CARET L\u0130M\u0130TED \u015e\u0130RKET\u0130, we are dedicated to producing hygiene products with care and attention, helping people feel safe, confident, and comfortable every&hellip;<\/p>","protected":false},"author":1,"featured_media":0,"parent":0,"menu_order":0,"comment_status":"closed","ping_status":"closed","template":"","meta":{"footnotes":""},"class_list":["post-38677","page","type-page","status-publish","hentry"],"yoast_head":"<!-- This site is optimized with the Yoast SEO plugin v25.8 - https:\/\/yoast.com\/wordpress\/plugins\/seo\/ -->\n<title>Mission &amp; Vision - Soft &amp; Power Hygiene<\/title>\n<meta name=\"robots\" content=\"index, follow, max-snippet:-1, max-image-preview:large, max-video-preview:-1\" \/>\n<link rel=\"canonical\" href=\"https:\/\/softandpower.com\/tr\/mission-vision\/\" \/>\n<meta property=\"og:locale\" content=\"tr_TR\" \/>\n<meta property=\"og:type\" content=\"article\" \/>\n<meta property=\"og:title\" content=\"Mission &amp; Vision - Soft &amp; Power Hygiene\" \/>\n<meta property=\"og:description\" content=\"Our Mission At VEFA GLOBAL PAZARLAMA SANAY\u0130 VE T\u0130CARET L\u0130M\u0130TED \u015e\u0130RKET\u0130, we are dedicated to producing hygiene products with care and attention, helping people feel safe, confident, and comfortable every&hellip;\" \/>\n<meta property=\"og:url\" content=\"https:\/\/softandpower.com\/tr\/mission-vision\/\" \/>\n<meta property=\"og:site_name\" content=\"Soft &amp; Power Hygiene\" \/>\n<meta property=\"article:modified_time\" content=\"2026-02-05T11:39:49+00:00\" \/>\n<meta name=\"twitter:card\" content=\"summary_large_image\" \/>\n<meta name=\"twitter:label1\" content=\"Tahmini okuma s\u00fcresi\" \/>\n\t<meta name=\"twitter:data1\" content=\"2 dakika\" \/>\n<script type=\"application\/ld+json\" class=\"yoast-schema-graph\">{\"@context\":\"https:\/\/schema.org\",\"@graph\":[{\"@type\":\"WebPage\",\"@id\":\"https:\/\/softandpower.com\/mission-vision\/\",\"url\":\"https:\/\/softandpower.com\/mission-vision\/\",\"name\":\"Mission & Vision - Soft &amp; Power Hygiene\",\"isPartOf\":{\"@id\":\"https:\/\/softandpower.com\/#website\"},\"datePublished\":\"2025-10-08T11:41:12+00:00\",\"dateModified\":\"2026-02-05T11:39:49+00:00\",\"breadcrumb\":{\"@id\":\"https:\/\/softandpower.com\/mission-vision\/#breadcrumb\"},\"inLanguage\":\"tr\",\"potentialAction\":[{\"@type\":\"ReadAction\",\"target\":[\"https:\/\/softandpower.com\/mission-vision\/\"]}]},{\"@type\":\"BreadcrumbList\",\"@id\":\"https:\/\/softandpower.com\/mission-vision\/#breadcrumb\",\"itemListElement\":[{\"@type\":\"ListItem\",\"position\":1,\"name\":\"Home\",\"item\":\"https:\/\/softandpower.com\/\"},{\"@type\":\"ListItem\",\"position\":2,\"name\":\"Mission &#038; Vision\"}]},{\"@type\":\"WebSite\",\"@id\":\"https:\/\/softandpower.com\/#website\",\"url\":\"https:\/\/softandpower.com\/\",\"name\":\"Soft &amp; Power Hygiene\",\"description\":\"Trusted Baby &amp; Adult Care Solutions\",\"publisher\":{\"@id\":\"https:\/\/softandpower.com\/#organization\"},\"potentialAction\":[{\"@type\":\"SearchAction\",\"target\":{\"@type\":\"EntryPoint\",\"urlTemplate\":\"https:\/\/softandpower.com\/?s={search_term_string}\"},\"query-input\":{\"@type\":\"PropertyValueSpecification\",\"valueRequired\":true,\"valueName\":\"search_term_string\"}}],\"inLanguage\":\"tr\"},{\"@type\":\"Organization\",\"@id\":\"https:\/\/softandpower.com\/#organization\",\"name\":\"Soft &amp; Power Hygiene\",\"url\":\"https:\/\/softandpower.com\/\",\"logo\":{\"@type\":\"ImageObject\",\"inLanguage\":\"tr\",\"@id\":\"https:\/\/softandpower.com\/#\/schema\/logo\/image\/\",\"url\":\"https:\/\/softandpower.com\/wp-content\/uploads\/2025\/09\/logo-2-scaled.png\",\"contentUrl\":\"https:\/\/softandpower.com\/wp-content\/uploads\/2025\/09\/logo-2-scaled.png\",\"width\":2560,\"height\":1171,\"caption\":\"Soft &amp; Power Hygiene\"},\"image\":{\"@id\":\"https:\/\/softandpower.com\/#\/schema\/logo\/image\/\"}}]}<\/script>\n<!-- \/ Yoast SEO plugin. -->","yoast_head_json":{"title":"Mission & Vision - Soft &amp; Power Hygiene","robots":{"index":"index","follow":"follow","max-snippet":"max-snippet:-1","max-image-preview":"max-image-preview:large","max-video-preview":"max-video-preview:-1"},"canonical":"https:\/\/softandpower.com\/tr\/mission-vision\/","og_locale":"tr_TR","og_type":"article","og_title":"Mission & Vision - Soft &amp; Power Hygiene","og_description":"Our Mission At VEFA GLOBAL PAZARLAMA SANAY\u0130 VE T\u0130CARET L\u0130M\u0130TED \u015e\u0130RKET\u0130, we are dedicated to producing hygiene products with care and attention, helping people feel safe, confident, and comfortable every&hellip;","og_url":"https:\/\/softandpower.com\/tr\/mission-vision\/","og_site_name":"Soft &amp; Power Hygiene","article_modified_time":"2026-02-05T11:39:49+00:00","twitter_card":"summary_large_image","twitter_misc":{"Tahmini okuma s\u00fcresi":"2 dakika"},"schema":{"@context":"https:\/\/schema.org","@graph":[{"@type":"WebPage","@id":"https:\/\/softandpower.com\/mission-vision\/","url":"https:\/\/softandpower.com\/mission-vision\/","name":"Mission & Vision - Soft &amp; Power Hygiene","isPartOf":{"@id":"https:\/\/softandpower.com\/#website"},"datePublished":"2025-10-08T11:41:12+00:00","dateModified":"2026-02-05T11:39:49+00:00","breadcrumb":{"@id":"https:\/\/softandpower.com\/mission-vision\/#breadcrumb"},"inLanguage":"tr","potentialAction":[{"@type":"ReadAction","target":["https:\/\/softandpower.com\/mission-vision\/"]}]},{"@type":"BreadcrumbList","@id":"https:\/\/softandpower.com\/mission-vision\/#breadcrumb","itemListElement":[{"@type":"ListItem","position":1,"name":"Home","item":"https:\/\/softandpower.com\/"},{"@type":"ListItem","position":2,"name":"Mission &#038; Vision"}]},{"@type":"WebSite","@id":"https:\/\/softandpower.com\/#website","url":"https:\/\/softandpower.com\/","name":"Soft &amp; Power Hygiene","description":"Trusted Baby &amp; Adult Care Solutions","publisher":{"@id":"https:\/\/softandpower.com\/#organization"},"potentialAction":[{"@type":"SearchAction","target":{"@type":"EntryPoint","urlTemplate":"https:\/\/softandpower.com\/?s={search_term_string}"},"query-input":{"@type":"PropertyValueSpecification","valueRequired":true,"valueName":"search_term_string"}}],"inLanguage":"tr"},{"@type":"Organization","@id":"https:\/\/softandpower.com\/#organization","name":"Soft &amp; Power Hygiene","url":"https:\/\/softandpower.com\/","logo":{"@type":"ImageObject","inLanguage":"tr","@id":"https:\/\/softandpower.com\/#\/schema\/logo\/image\/","url":"https:\/\/softandpower.com\/wp-content\/uploads\/2025\/09\/logo-2-scaled.png","contentUrl":"https:\/\/softandpower.com\/wp-content\/uploads\/2025\/09\/logo-2-scaled.png","width":2560,"height":1171,"caption":"Soft &amp; Power Hygiene"},"image":{"@id":"https:\/\/softandpower.com\/#\/schema\/logo\/image\/"}}]}},"_links":{"self":[{"href":"https:\/\/softandpower.com\/tr\/wp-json\/wp\/v2\/pages\/38677","targetHints":{"allow":["GET"]}}],"collection":[{"href":"https:\/\/softandpower.com\/tr\/wp-json\/wp\/v2\/pages"}],"about":[{"href":"https:\/\/softandpower.com\/tr\/wp-json\/wp\/v2\/types\/page"}],"author":[{"embeddable":true,"href":"https:\/\/softandpower.com\/tr\/wp-json\/wp\/v2\/users\/1"}],"replies":[{"embeddable":true,"href":"https:\/\/softandpower.com\/tr\/wp-json\/wp\/v2\/comments?post=38677"}],"version-history":[{"count":13,"href":"https:\/\/softandpower.com\/tr\/wp-json\/wp\/v2\/pages\/38677\/revisions"}],"predecessor-version":[{"id":39286,"href":"https:\/\/softandpower.com\/tr\/wp-json\/wp\/v2\/pages\/38677\/revisions\/39286"}],"wp:attachment":[{"href":"https:\/\/softandpower.com\/tr\/wp-json\/wp\/v2\/media?parent=38677"}],"curies":[{"name":"wp","href":"https:\/\/api.w.org\/{rel}","templated":true}]}}