{"id":38677,"date":"2025-10-08T11:41:12","date_gmt":"2025-10-08T11:41:12","guid":{"rendered":"https:\/\/softandpower.com\/?page_id=38677"},"modified":"2026-02-05T11:39:49","modified_gmt":"2026-02-05T11:39:49","slug":"mission-vision","status":"publish","type":"page","link":"https:\/\/softandpower.com\/ru\/mission-vision\/","title":{"rendered":"\u041c\u0438\u0441\u0441\u0438\u044f &amp; \u0432\u0438\u0434\u0435\u043d\u0438\u0435"},"content":{"rendered":"<div data-elementor-type=\"wp-page\" data-elementor-id=\"38677\" class=\"elementor elementor-38677\">\n\t\t\t\t\t\t<section class=\"elementor-section elementor-top-section elementor-element elementor-element-38bf265 elementor-section-boxed elementor-section-height-default elementor-section-height-default sc_fly_static\" data-id=\"38bf265\" data-element_type=\"section\">\n\t\t\t\t\t\t<div class=\"elementor-container elementor-column-gap-extended\">\n\t\t\t\t\t<div class=\"elementor-column elementor-col-100 elementor-top-column elementor-element elementor-element-08c5d05 sc_content_align_inherit sc_layouts_column_icons_position_left sc_fly_static\" data-id=\"08c5d05\" data-element_type=\"column\">\n\t\t\t<div class=\"elementor-widget-wrap elementor-element-populated\">\n\t\t\t\t\t\t<div class=\"elementor-element elementor-element-40a032f sc_height_large sc_fly_static elementor-widget elementor-widget-spacer\" data-id=\"40a032f\" data-element_type=\"widget\" data-widget_type=\"spacer.default\">\n\t\t\t\t<div class=\"elementor-widget-container\">\n\t\t\t\t\t\t\t<div class=\"elementor-spacer\">\n\t\t\t<div class=\"elementor-spacer-inner\"><\/div>\n\t\t<\/div>\n\t\t\t\t\t\t<\/div>\n\t\t\t\t<\/div>\n\t\t\t\t<div data-animation-type=\"sequental\" data-animation-stagger=\"\" class=\"elementor-element elementor-element-cbe7be4 animation_type_sequental sc_fly_static elementor-invisible elementor-widget elementor-widget-trx_sc_icons\" data-id=\"cbe7be4\" data-element_type=\"widget\" data-settings=\"{&quot;_animation&quot;:&quot;cobble-fadeinup&quot;,&quot;_animation_delay&quot;:100}\" data-widget_type=\"trx_sc_icons.default\">\n\t\t\t\t<div class=\"elementor-widget-container\">\n\t\t\t\t\t<div \tclass=\"sc_icons sc_icons_plate sc_icons_size_large sc_align_center\" ><div class=\"sc_icons_columns_wrap sc_item_columns trx_addons_columns_wrap columns_padding_bottom columns_in_single_row\" ><div class=\"trx_addons_column-1_2 trx_addons_column-1_2-tablet trx_addons_column-1_2-mobile\"><div class=\"sc_icons_item\"><div class=\"sc_icons_icon sc_icon_type_ icon-light\" ><span class=\"sc_icon_type_ icon-light\"><\/span><\/div><div class=\"sc_icons_item_details\"><h4 class=\"sc_icons_item_title\"><span>\u041c\u0438\u0441\u0441\u0438\u044f \u0438 \u0432\u0438\u0434\u0435\u043d\u0438\u0435<\/span><\/h4><div class=\"sc_icons_item_description\"><span>At VEFA GLOBAL PAZARLAMA SANAY\u0130 VE T\u0130CARET L\u0130M\u0130TED \u015e\u0130RKET\u0130, we are dedicated to producing hygiene products with care and attention, helping people feel safe, confident, and comfortable every day. Our assortment includes baby and adult diapers, pants, sanitary and urological pads, underpads, wet wipes, and other personal hygiene products. <br><\/span><span><\/span><span>\u041c\u044b \u043e\u043f\u0438\u0440\u0430\u0435\u043c\u0441\u044f \u043d\u0430 \u0441\u043e\u0432\u0440\u0435\u043c\u0435\u043d\u043d\u044b\u0435 \u0442\u0435\u0445\u043d\u043e\u043b\u043e\u0433\u0438\u0438, \u043d\u043e \u0432 \u0446\u0435\u043d\u0442\u0440\u0435 \u043d\u0430\u0448\u0435\u0433\u043e \u0432\u043d\u0438\u043c\u0430\u043d\u0438\u044f \u2014 \u0447\u0435\u043b\u043e\u0432\u0435\u043a \u0438 \u0435\u0433\u043e \u043f\u043e\u0432\u0441\u0435\u0434\u043d\u0435\u0432\u043d\u044b\u0435 \u043f\u043e\u0442\u0440\u0435\u0431\u043d\u043e\u0441\u0442\u0438. \u041c\u044b \u0432\u0435\u0440\u0438\u043c, \u0447\u0442\u043e \u043a\u0430\u0447\u0435\u0441\u0442\u0432\u043e, \u0431\u0435\u0437\u043e\u043f\u0430\u0441\u043d\u043e\u0441\u0442\u044c \u0438 \u0434\u043e\u0441\u0442\u0443\u043f\u043d\u043e\u0441\u0442\u044c \u2014 \u044d\u0442\u043e \u043e\u0441\u043d\u043e\u0432\u0430 \u043d\u0430\u0441\u0442\u043e\u044f\u0449\u0435\u0439 \u0437\u0430\u0431\u043e\u0442\u044b, \u0438 \u0438\u043c\u0435\u043d\u043d\u043e \u044d\u0442\u043e \u043c\u044b \u0441\u0442\u0440\u0435\u043c\u0438\u043c\u0441\u044f \u0432\u043b\u043e\u0436\u0438\u0442\u044c \u0432 \u043a\u0430\u0436\u0434\u044b\u0439 \u043f\u0440\u043e\u0434\u0443\u043a\u0442. <br><\/span><span>\u041d\u0430\u0448\u0430 \u0446\u0435\u043b\u044c \u2014 \u043d\u0435 \u043f\u0440\u043e\u0441\u0442\u043e \u043f\u0440\u043e\u0438\u0437\u0432\u043e\u0434\u0438\u0442\u044c, \u0430 \u0441\u043e\u0437\u0434\u0430\u0432\u0430\u0442\u044c \u043f\u043e\u043b\u0435\u0437\u043d\u044b\u0435 \u0438 \u043d\u0430\u0434\u0451\u0436\u043d\u044b\u0435 \u0440\u0435\u0448\u0435\u043d\u0438\u044f, \u043a\u043e\u0442\u043e\u0440\u044b\u0435 \u043f\u0440\u0438\u043d\u043e\u0441\u044f\u0442 \u0441\u043f\u043e\u043a\u043e\u0439\u0441\u0442\u0432\u0438\u0435, \u0443\u0432\u0435\u0440\u0435\u043d\u043d\u043e\u0441\u0442\u044c \u0438 \u0443\u0434\u043e\u0431\u0441\u0442\u0432\u043e \u0432 \u043f\u043e\u0432\u0441\u0435\u0434\u043d\u0435\u0432\u043d\u0443\u044e \u0436\u0438\u0437\u043d\u044c. \u041c\u044b \u0441\u0442\u0440\u043e\u0438\u043c \u0441\u0432\u043e\u0451 \u0440\u0430\u0437\u0432\u0438\u0442\u0438\u0435 \u043d\u0430 \u0434\u043e\u0432\u0435\u0440\u0438\u0438, \u043a\u043e\u0442\u043e\u0440\u043e\u0435 \u0437\u0430\u0441\u043b\u0443\u0436\u0438\u0432\u0430\u0435\u043c \u0448\u0430\u0433 \u0437\u0430 \u0448\u0430\u0433\u043e\u043c \u2014 \u043a\u0430\u0447\u0435\u0441\u0442\u0432\u043e\u043c, \u0432\u043d\u0438\u043c\u0430\u043d\u0438\u0435\u043c \u043a \u0434\u0435\u0442\u0430\u043b\u044f\u043c \u0438 \u0438\u0441\u043a\u0440\u0435\u043d\u043d\u0438\u043c \u0441\u0442\u0440\u0435\u043c\u043b\u0435\u043d\u0438\u0435\u043c \u0431\u044b\u0442\u044c \u0440\u044f\u0434\u043e\u043c \u0441 \u043b\u044e\u0434\u044c\u043c\u0438 \u0432 \u0432\u0430\u0436\u043d\u044b\u0445 \u043c\u043e\u043c\u0435\u043d\u0442\u0430\u0445 \u0438\u0445 \u0436\u0438\u0437\u043d\u0438.<\/span><span><\/span><\/div><\/div><\/div><\/div><div class=\"trx_addons_column-1_2 trx_addons_column-1_2-tablet trx_addons_column-1_2-mobile\"><div class=\"sc_icons_item\"><div class=\"sc_icons_icon sc_icon_type_ icon-targeting\" ><span class=\"sc_icon_type_ icon-targeting\"><\/span><\/div><div class=\"sc_icons_item_details\"><h4 class=\"sc_icons_item_title\"><span>\u0412\u0438\u0434\u0435\u043d\u0438\u0435<\/span><\/h4><div class=\"sc_icons_item_description\"><span>\u041d\u0430\u0448\u0430 \u043c\u0438\u0441\u0441\u0438\u044f \u2014 \u0440\u0430\u0437\u0432\u0438\u0432\u0430\u0442\u044c \u0441\u0438\u043b\u044c\u043d\u044b\u0435 \u0431\u0440\u0435\u043d\u0434\u044b \u043d\u0430 \u0440\u044b\u043d\u043a\u0430\u0445 \u0422\u0443\u0440\u0446\u0438\u0438, \u0415\u0432\u0440\u043e\u043f\u044b, \u0411\u043b\u0438\u0436\u043d\u0435\u0433\u043e \u0438 \u0414\u0430\u043b\u044c\u043d\u0435\u0433\u043e \u0412\u043e\u0441\u0442\u043e\u043a\u0430, \u043e\u0442\u043b\u0438\u0447\u0430\u044e\u0449\u0438\u0435\u0441\u044f \u0432\u044b\u0441\u043e\u043a\u0438\u043c \u043a\u0430\u0447\u0435\u0441\u0442\u0432\u043e\u043c, \u0441\u043e\u0432\u0440\u0435\u043c\u0435\u043d\u043d\u044b\u043c \u043f\u043e\u0434\u0445\u043e\u0434\u043e\u043c \u0438 \u0432\u043d\u0438\u043c\u0430\u043d\u0438\u0435\u043c \u043a \u0434\u0435\u0442\u0430\u043b\u044f\u043c. \u041c\u044b \u0441\u043b\u0435\u0434\u0443\u0435\u043c \u0442\u0435\u043d\u0434\u0435\u043d\u0446\u0438\u044f\u043c, \u0442\u0440\u0435\u0431\u043e\u0432\u0430\u043d\u0438\u044f\u043c \u043f\u043e\u0442\u0440\u0435\u0431\u0438\u0442\u0435\u043b\u0435\u0439 \u0438 \u0442\u0435\u0445\u043d\u043e\u043b\u043e\u0433\u0438\u0439, \u0447\u0442\u043e\u0431\u044b \u0435\u0436\u0435\u0434\u043d\u0435\u0432\u043d\u043e \u0441\u0442\u0430\u043d\u043e\u0432\u0438\u0442\u044c\u0441\u044f \u043b\u0443\u0447\u0448\u0435 \u0438 \u043f\u0440\u0435\u0434\u043b\u0430\u0433\u0430\u0442\u044c \u0432\u0441\u0451 \u0431\u043e\u043b\u0435\u0435 \u043a\u0430\u0447\u0435\u0441\u0442\u0432\u0435\u043d\u043d\u0443\u044e \u043f\u0440\u043e\u0434\u0443\u043a\u0446\u0438\u044e.<\/span><\/div><\/div><\/div><\/div><\/div><\/div><!-- \/.sc_icons -->\t\t\t\t<\/div>\n\t\t\t\t<\/div>\n\t\t\t\t<div class=\"elementor-element elementor-element-90bcbb3 sc_layouts_hide_on_wide sc_layouts_hide_on_desktop sc_layouts_hide_on_notebook sc_layouts_hide_on_tablet sc_fly_static elementor-widget elementor-widget-spacer\" data-id=\"90bcbb3\" data-element_type=\"widget\" data-widget_type=\"spacer.default\">\n\t\t\t\t<div class=\"elementor-widget-container\">\n\t\t\t\t\t\t\t<div class=\"elementor-spacer\">\n\t\t\t<div class=\"elementor-spacer-inner\"><\/div>\n\t\t<\/div>\n\t\t\t\t\t\t<\/div>\n\t\t\t\t<\/div>\n\t\t\t\t\t<\/div>\n\t\t<\/div>\n\t\t\t\t\t<\/div>\n\t\t<\/section>\n\t\t\t\t<section class=\"elementor-section elementor-top-section elementor-element elementor-element-3dfc846 elementor-section-boxed elementor-section-height-default elementor-section-height-default sc_fly_static\" data-id=\"3dfc846\" data-element_type=\"section\">\n\t\t\t\t\t\t<div class=\"elementor-container elementor-column-gap-extended\">\n\t\t\t\t\t<div class=\"elementor-column elementor-col-100 elementor-top-column elementor-element elementor-element-d9332f3 sc_content_align_inherit sc_layouts_column_icons_position_left sc_fly_static\" data-id=\"d9332f3\" data-element_type=\"column\">\n\t\t\t<div class=\"elementor-widget-wrap elementor-element-populated\">\n\t\t\t\t\t\t<div class=\"elementor-element elementor-element-e66b949 sc_height_large sc_fly_static elementor-widget elementor-widget-spacer\" data-id=\"e66b949\" data-element_type=\"widget\" data-widget_type=\"spacer.default\">\n\t\t\t\t<div class=\"elementor-widget-container\">\n\t\t\t\t\t\t\t<div class=\"elementor-spacer\">\n\t\t\t<div class=\"elementor-spacer-inner\"><\/div>\n\t\t<\/div>\n\t\t\t\t\t\t<\/div>\n\t\t\t\t<\/div>\n\t\t\t\t\t<\/div>\n\t\t<\/div>\n\t\t\t\t\t<\/div>\n\t\t<\/section>\n\t\t\t\t<\/div>","protected":false},"excerpt":{"rendered":"<p>Our Mission At VEFA GLOBAL PAZARLAMA SANAY\u0130 VE T\u0130CARET L\u0130M\u0130TED \u015e\u0130RKET\u0130, we are dedicated to producing hygiene products with care and attention, helping people feel safe, confident, and comfortable every&hellip;<\/p>","protected":false},"author":1,"featured_media":0,"parent":0,"menu_order":0,"comment_status":"closed","ping_status":"closed","template":"","meta":{"footnotes":""},"class_list":["post-38677","page","type-page","status-publish","hentry"],"yoast_head":"<!-- This site is optimized with the Yoast SEO plugin v25.8 - https:\/\/yoast.com\/wordpress\/plugins\/seo\/ -->\n<title>Mission &amp; Vision - Soft &amp; Power Hygiene<\/title>\n<meta name=\"robots\" content=\"index, follow, max-snippet:-1, max-image-preview:large, max-video-preview:-1\" \/>\n<link rel=\"canonical\" href=\"https:\/\/softandpower.com\/ru\/mission-vision\/\" \/>\n<meta property=\"og:locale\" content=\"ru_RU\" \/>\n<meta property=\"og:type\" content=\"article\" \/>\n<meta property=\"og:title\" content=\"Mission &amp; Vision - Soft &amp; Power Hygiene\" \/>\n<meta property=\"og:description\" content=\"Our Mission At VEFA GLOBAL PAZARLAMA SANAY\u0130 VE T\u0130CARET L\u0130M\u0130TED \u015e\u0130RKET\u0130, we are dedicated to producing hygiene products with care and attention, helping people feel safe, confident, and comfortable every&hellip;\" \/>\n<meta property=\"og:url\" content=\"https:\/\/softandpower.com\/ru\/mission-vision\/\" \/>\n<meta property=\"og:site_name\" content=\"Soft &amp; Power Hygiene\" \/>\n<meta property=\"article:modified_time\" content=\"2026-02-05T11:39:49+00:00\" \/>\n<meta name=\"twitter:card\" content=\"summary_large_image\" \/>\n<meta name=\"twitter:label1\" content=\"\u041f\u0440\u0438\u043c\u0435\u0440\u043d\u043e\u0435 \u0432\u0440\u0435\u043c\u044f \u0434\u043b\u044f \u0447\u0442\u0435\u043d\u0438\u044f\" \/>\n\t<meta name=\"twitter:data1\" content=\"2 \u043c\u0438\u043d\u0443\u0442\u044b\" \/>\n<script type=\"application\/ld+json\" class=\"yoast-schema-graph\">{\"@context\":\"https:\/\/schema.org\",\"@graph\":[{\"@type\":\"WebPage\",\"@id\":\"https:\/\/softandpower.com\/mission-vision\/\",\"url\":\"https:\/\/softandpower.com\/mission-vision\/\",\"name\":\"Mission & Vision - Soft &amp; Power Hygiene\",\"isPartOf\":{\"@id\":\"https:\/\/softandpower.com\/#website\"},\"datePublished\":\"2025-10-08T11:41:12+00:00\",\"dateModified\":\"2026-02-05T11:39:49+00:00\",\"breadcrumb\":{\"@id\":\"https:\/\/softandpower.com\/mission-vision\/#breadcrumb\"},\"inLanguage\":\"ru-RU\",\"potentialAction\":[{\"@type\":\"ReadAction\",\"target\":[\"https:\/\/softandpower.com\/mission-vision\/\"]}]},{\"@type\":\"BreadcrumbList\",\"@id\":\"https:\/\/softandpower.com\/mission-vision\/#breadcrumb\",\"itemListElement\":[{\"@type\":\"ListItem\",\"position\":1,\"name\":\"Home\",\"item\":\"https:\/\/softandpower.com\/\"},{\"@type\":\"ListItem\",\"position\":2,\"name\":\"Mission &#038; Vision\"}]},{\"@type\":\"WebSite\",\"@id\":\"https:\/\/softandpower.com\/#website\",\"url\":\"https:\/\/softandpower.com\/\",\"name\":\"Soft &amp; Power Hygiene\",\"description\":\"Trusted Baby &amp; Adult Care Solutions\",\"publisher\":{\"@id\":\"https:\/\/softandpower.com\/#organization\"},\"potentialAction\":[{\"@type\":\"SearchAction\",\"target\":{\"@type\":\"EntryPoint\",\"urlTemplate\":\"https:\/\/softandpower.com\/?s={search_term_string}\"},\"query-input\":{\"@type\":\"PropertyValueSpecification\",\"valueRequired\":true,\"valueName\":\"search_term_string\"}}],\"inLanguage\":\"ru-RU\"},{\"@type\":\"Organization\",\"@id\":\"https:\/\/softandpower.com\/#organization\",\"name\":\"Soft &amp; Power Hygiene\",\"url\":\"https:\/\/softandpower.com\/\",\"logo\":{\"@type\":\"ImageObject\",\"inLanguage\":\"ru-RU\",\"@id\":\"https:\/\/softandpower.com\/#\/schema\/logo\/image\/\",\"url\":\"https:\/\/softandpower.com\/wp-content\/uploads\/2025\/09\/logo-2-scaled.png\",\"contentUrl\":\"https:\/\/softandpower.com\/wp-content\/uploads\/2025\/09\/logo-2-scaled.png\",\"width\":2560,\"height\":1171,\"caption\":\"Soft &amp; Power Hygiene\"},\"image\":{\"@id\":\"https:\/\/softandpower.com\/#\/schema\/logo\/image\/\"}}]}<\/script>\n<!-- \/ Yoast SEO plugin. -->","yoast_head_json":{"title":"Mission & Vision - Soft &amp; Power Hygiene","robots":{"index":"index","follow":"follow","max-snippet":"max-snippet:-1","max-image-preview":"max-image-preview:large","max-video-preview":"max-video-preview:-1"},"canonical":"https:\/\/softandpower.com\/ru\/mission-vision\/","og_locale":"ru_RU","og_type":"article","og_title":"Mission & Vision - Soft &amp; Power Hygiene","og_description":"Our Mission At VEFA GLOBAL PAZARLAMA SANAY\u0130 VE T\u0130CARET L\u0130M\u0130TED \u015e\u0130RKET\u0130, we are dedicated to producing hygiene products with care and attention, helping people feel safe, confident, and comfortable every&hellip;","og_url":"https:\/\/softandpower.com\/ru\/mission-vision\/","og_site_name":"Soft &amp; Power Hygiene","article_modified_time":"2026-02-05T11:39:49+00:00","twitter_card":"summary_large_image","twitter_misc":{"\u041f\u0440\u0438\u043c\u0435\u0440\u043d\u043e\u0435 \u0432\u0440\u0435\u043c\u044f \u0434\u043b\u044f \u0447\u0442\u0435\u043d\u0438\u044f":"2 \u043c\u0438\u043d\u0443\u0442\u044b"},"schema":{"@context":"https:\/\/schema.org","@graph":[{"@type":"WebPage","@id":"https:\/\/softandpower.com\/mission-vision\/","url":"https:\/\/softandpower.com\/mission-vision\/","name":"Mission & Vision - Soft &amp; Power Hygiene","isPartOf":{"@id":"https:\/\/softandpower.com\/#website"},"datePublished":"2025-10-08T11:41:12+00:00","dateModified":"2026-02-05T11:39:49+00:00","breadcrumb":{"@id":"https:\/\/softandpower.com\/mission-vision\/#breadcrumb"},"inLanguage":"ru-RU","potentialAction":[{"@type":"ReadAction","target":["https:\/\/softandpower.com\/mission-vision\/"]}]},{"@type":"BreadcrumbList","@id":"https:\/\/softandpower.com\/mission-vision\/#breadcrumb","itemListElement":[{"@type":"ListItem","position":1,"name":"Home","item":"https:\/\/softandpower.com\/"},{"@type":"ListItem","position":2,"name":"Mission &#038; Vision"}]},{"@type":"WebSite","@id":"https:\/\/softandpower.com\/#website","url":"https:\/\/softandpower.com\/","name":"Soft &amp; Power Hygiene","description":"Trusted Baby &amp; Adult Care Solutions","publisher":{"@id":"https:\/\/softandpower.com\/#organization"},"potentialAction":[{"@type":"SearchAction","target":{"@type":"EntryPoint","urlTemplate":"https:\/\/softandpower.com\/?s={search_term_string}"},"query-input":{"@type":"PropertyValueSpecification","valueRequired":true,"valueName":"search_term_string"}}],"inLanguage":"ru-RU"},{"@type":"Organization","@id":"https:\/\/softandpower.com\/#organization","name":"Soft &amp; Power Hygiene","url":"https:\/\/softandpower.com\/","logo":{"@type":"ImageObject","inLanguage":"ru-RU","@id":"https:\/\/softandpower.com\/#\/schema\/logo\/image\/","url":"https:\/\/softandpower.com\/wp-content\/uploads\/2025\/09\/logo-2-scaled.png","contentUrl":"https:\/\/softandpower.com\/wp-content\/uploads\/2025\/09\/logo-2-scaled.png","width":2560,"height":1171,"caption":"Soft &amp; Power Hygiene"},"image":{"@id":"https:\/\/softandpower.com\/#\/schema\/logo\/image\/"}}]}},"_links":{"self":[{"href":"https:\/\/softandpower.com\/ru\/wp-json\/wp\/v2\/pages\/38677","targetHints":{"allow":["GET"]}}],"collection":[{"href":"https:\/\/softandpower.com\/ru\/wp-json\/wp\/v2\/pages"}],"about":[{"href":"https:\/\/softandpower.com\/ru\/wp-json\/wp\/v2\/types\/page"}],"author":[{"embeddable":true,"href":"https:\/\/softandpower.com\/ru\/wp-json\/wp\/v2\/users\/1"}],"replies":[{"embeddable":true,"href":"https:\/\/softandpower.com\/ru\/wp-json\/wp\/v2\/comments?post=38677"}],"version-history":[{"count":13,"href":"https:\/\/softandpower.com\/ru\/wp-json\/wp\/v2\/pages\/38677\/revisions"}],"predecessor-version":[{"id":39286,"href":"https:\/\/softandpower.com\/ru\/wp-json\/wp\/v2\/pages\/38677\/revisions\/39286"}],"wp:attachment":[{"href":"https:\/\/softandpower.com\/ru\/wp-json\/wp\/v2\/media?parent=38677"}],"curies":[{"name":"wp","href":"https:\/\/api.w.org\/{rel}","templated":true}]}}