{"id":37712,"date":"2025-09-10T13:12:43","date_gmt":"2025-09-10T13:12:43","guid":{"rendered":"https:\/\/softandpower.com\/?page_id=37712"},"modified":"2025-11-11T12:38:17","modified_gmt":"2025-11-11T12:38:17","slug":"private-label","status":"publish","type":"page","link":"https:\/\/softandpower.com\/ru\/private-label\/","title":{"rendered":"\u0421\u043e\u0431\u0441\u0442\u0432\u0435\u043d\u043d\u0430\u044f \u043c\u0430\u0440\u043a\u0430"},"content":{"rendered":"<div data-elementor-type=\"wp-page\" data-elementor-id=\"37712\" class=\"elementor elementor-37712\">\n\t\t\t\t\t\t<section class=\"elementor-section elementor-top-section elementor-element elementor-element-3004c3b elementor-section-full_width elementor-section-height-default elementor-section-height-default sc_fly_static\" data-id=\"3004c3b\" data-element_type=\"section\">\n\t\t\t\t\t\t<div class=\"elementor-container elementor-column-gap-extended\">\n\t\t\t\t\t<div class=\"elementor-column elementor-col-100 elementor-top-column elementor-element elementor-element-e526e41 sc_content_align_inherit sc_layouts_column_icons_position_left sc_fly_static\" data-id=\"e526e41\" data-element_type=\"column\">\n\t\t\t<div class=\"elementor-widget-wrap elementor-element-populated\">\n\t\t\t\t\t\t<div class=\"elementor-element elementor-element-6e109b7 sc_fly_static elementor-widget elementor-widget-image\" data-id=\"6e109b7\" data-element_type=\"widget\" data-widget_type=\"image.default\">\n\t\t\t\t<div class=\"elementor-widget-container\">\n\t\t\t\t\t\t\t\t\t\t\t\t\t\t\t<img fetchpriority=\"high\" decoding=\"async\" width=\"2560\" height=\"539\" src=\"https:\/\/softandpower.com\/wp-content\/uploads\/2025\/11\/baner_your-brand_1900x400-2-2-scaled.jpg\" class=\"attachment-full size-full wp-image-39038\" alt=\"\" srcset=\"https:\/\/softandpower.com\/wp-content\/uploads\/2025\/11\/baner_your-brand_1900x400-2-2-scaled.jpg 2560w, https:\/\/softandpower.com\/wp-content\/uploads\/2025\/11\/baner_your-brand_1900x400-2-2-300x63.jpg 300w, https:\/\/softandpower.com\/wp-content\/uploads\/2025\/11\/baner_your-brand_1900x400-2-2-1024x216.jpg 1024w, https:\/\/softandpower.com\/wp-content\/uploads\/2025\/11\/baner_your-brand_1900x400-2-2-768x162.jpg 768w, https:\/\/softandpower.com\/wp-content\/uploads\/2025\/11\/baner_your-brand_1900x400-2-2-1536x323.jpg 1536w, https:\/\/softandpower.com\/wp-content\/uploads\/2025\/11\/baner_your-brand_1900x400-2-2-2048x431.jpg 2048w, https:\/\/softandpower.com\/wp-content\/uploads\/2025\/11\/baner_your-brand_1900x400-2-2-18x4.jpg 18w, https:\/\/softandpower.com\/wp-content\/uploads\/2025\/11\/baner_your-brand_1900x400-2-2-370x78.jpg 370w, https:\/\/softandpower.com\/wp-content\/uploads\/2025\/11\/baner_your-brand_1900x400-2-2-840x177.jpg 840w, https:\/\/softandpower.com\/wp-content\/uploads\/2025\/11\/baner_your-brand_1900x400-2-2-410x86.jpg 410w, https:\/\/softandpower.com\/wp-content\/uploads\/2025\/11\/baner_your-brand_1900x400-2-2-600x126.jpg 600w\" sizes=\"(max-width: 2560px) 100vw, 2560px\" \/>\t\t\t\t\t\t\t\t\t\t\t\t\t\t\t<\/div>\n\t\t\t\t<\/div>\n\t\t\t\t\t<\/div>\n\t\t<\/div>\n\t\t\t\t\t<\/div>\n\t\t<\/section>\n\t\t\t\t<section class=\"elementor-section elementor-top-section elementor-element elementor-element-08bb212 scheme_light elementor-section-boxed elementor-section-height-default elementor-section-height-default sc_fly_static\" data-id=\"08bb212\" data-element_type=\"section\">\n\t\t\t\t\t\t<div class=\"elementor-container elementor-column-gap-extended\">\n\t\t\t\t\t<div class=\"elementor-column elementor-col-100 elementor-top-column elementor-element elementor-element-c600a72 sc_content_align_inherit sc_layouts_column_icons_position_left sc_fly_static\" data-id=\"c600a72\" data-element_type=\"column\">\n\t\t\t<div class=\"elementor-widget-wrap elementor-element-populated\">\n\t\t\t\t\t\t<div class=\"elementor-element elementor-element-ea6184e sc_height_large sc_fly_static elementor-widget elementor-widget-spacer\" data-id=\"ea6184e\" data-element_type=\"widget\" data-widget_type=\"spacer.default\">\n\t\t\t\t<div class=\"elementor-widget-container\">\n\t\t\t\t\t\t\t<div class=\"elementor-spacer\">\n\t\t\t<div class=\"elementor-spacer-inner\"><\/div>\n\t\t<\/div>\n\t\t\t\t\t\t<\/div>\n\t\t\t\t<\/div>\n\t\t\t\t<div class=\"elementor-element elementor-element-db990db sc_layouts_hide_on_wide sc_layouts_hide_on_desktop sc_layouts_hide_on_notebook sc_layouts_hide_on_tablet sc_fly_static elementor-widget elementor-widget-spacer\" data-id=\"db990db\" data-element_type=\"widget\" data-widget_type=\"spacer.default\">\n\t\t\t\t<div class=\"elementor-widget-container\">\n\t\t\t\t\t\t\t<div class=\"elementor-spacer\">\n\t\t\t<div class=\"elementor-spacer-inner\"><\/div>\n\t\t<\/div>\n\t\t\t\t\t\t<\/div>\n\t\t\t\t<\/div>\n\t\t\t\t\t<\/div>\n\t\t<\/div>\n\t\t\t\t\t<\/div>\n\t\t<\/section>\n\t\t\t\t<section class=\"elementor-section elementor-top-section elementor-element elementor-element-53fdd43 elementor-section-content-middle scheme_light elementor-section-boxed elementor-section-height-default elementor-section-height-default sc_fly_static\" data-id=\"53fdd43\" data-element_type=\"section\">\n\t\t\t\t\t\t<div class=\"elementor-container elementor-column-gap-extended\">\n\t\t\t\t\t<div class=\"elementor-column elementor-col-100 elementor-top-column elementor-element elementor-element-30963f2 sc_content_align_inherit sc_layouts_column_icons_position_left sc_fly_static\" data-id=\"30963f2\" data-element_type=\"column\">\n\t\t\t<div class=\"elementor-widget-wrap elementor-element-populated\">\n\t\t\t\t\t\t<div class=\"elementor-element elementor-element-c9b5cf4 sc_fly_static elementor-widget elementor-widget-trx_sc_title\" data-id=\"c9b5cf4\" data-element_type=\"widget\" data-widget_type=\"trx_sc_title.default\">\n\t\t\t\t<div class=\"elementor-widget-container\">\n\t\t\t\t\t<div\t\tclass=\"sc_title sc_title_default\" ><h2 class=\"sc_item_title sc_title_title sc_item_title_style_default sc_item_title_tag\"\n\t\t\t><span class=\"sc_item_title_text\">\u0421\u043e\u0431\u0441\u0442\u0432\u0435\u043d\u043d\u0430\u044f \u043c\u0430\u0440\u043a\u0430<\/span><\/h2><\/div>\t\t\t\t<\/div>\n\t\t\t\t<\/div>\n\t\t\t\t<div class=\"elementor-element elementor-element-2dd379b sc_height_tiny sc_fly_static elementor-widget elementor-widget-spacer\" data-id=\"2dd379b\" data-element_type=\"widget\" data-widget_type=\"spacer.default\">\n\t\t\t\t<div class=\"elementor-widget-container\">\n\t\t\t\t\t\t\t<div class=\"elementor-spacer\">\n\t\t\t<div class=\"elementor-spacer-inner\"><\/div>\n\t\t<\/div>\n\t\t\t\t\t\t<\/div>\n\t\t\t\t<\/div>\n\t\t\t\t<div class=\"elementor-element elementor-element-b79ec58 sc_fly_static elementor-widget elementor-widget-text-editor\" data-id=\"b79ec58\" data-element_type=\"widget\" data-widget_type=\"text-editor.default\">\n\t\t\t\t<div class=\"elementor-widget-container\">\n\t\t\t\t\t\t\t\t\t<p>VEFA GLOBAL PAZARLAMA SANAY\u0130 VE T\u0130CARET L\u0130M\u0130TED \u015e\u0130RKET\u0130 is a company operating in the field of hygiene and healthcare products. We offer Private Label services and cooperate with various companies and brands in Turkey, Europe, the Middle East, and the Far East.<\/p><p>\u041d\u0430\u0448\u0430 \u043f\u0440\u043e\u0438\u0437\u0432\u043e\u0434\u0441\u0442\u0432\u0435\u043d\u043d\u0430\u044f \u043b\u0438\u043d\u0435\u0439\u043a\u0430 \u0432\u043a\u043b\u044e\u0447\u0430\u0435\u0442 \u0434\u0435\u0442\u0441\u043a\u0438\u0435 \u0438 \u0432\u0437\u0440\u043e\u0441\u043b\u044b\u0435 \u043f\u043e\u0434\u0433\u0443\u0437\u043d\u0438\u043a\u0438, \u0442\u0440\u0443\u0441\u0438\u043a\u0438, \u043f\u0435\u043b\u0451\u043d\u043a\u0438, \u0432\u043f\u0438\u0442\u044b\u0432\u0430\u044e\u0449\u0435\u0435 \u0431\u0435\u043b\u044c\u0451, \u0436\u0435\u043d\u0441\u043a\u0438\u0435 \u0438 \u0443\u0440\u043e\u043b\u043e\u0433\u0438\u0447\u0435\u0441\u043a\u0438\u0435 \u043f\u0440\u043e\u043a\u043b\u0430\u0434\u043a\u0438, \u0430 \u0442\u0430\u043a\u0436\u0435 \u0432\u043b\u0430\u0436\u043d\u044b\u0435 \u0441\u0430\u043b\u0444\u0435\u0442\u043a\u0438. \u0412\u0441\u0435 \u043f\u0440\u043e\u0434\u0443\u043a\u0442\u044b \u0440\u0430\u0437\u0440\u0430\u0431\u0430\u0442\u044b\u0432\u0430\u044e\u0442\u0441\u044f \u0441 \u0443\u0447\u0451\u0442\u043e\u043c \u0441\u0442\u0430\u043d\u0434\u0430\u0440\u0442\u043e\u0432 \u043a\u0430\u0447\u0435\u0441\u0442\u0432\u0430 \u0438 \u043f\u043e\u0442\u0440\u0435\u0431\u043d\u043e\u0441\u0442\u0435\u0439 \u043a\u043e\u043d\u0435\u0447\u043d\u043e\u0433\u043e \u043f\u043e\u043b\u044c\u0437\u043e\u0432\u0430\u0442\u0435\u043b\u044f.<\/p><p>\u041c\u044b \u043f\u0440\u0438\u0434\u0435\u0440\u0436\u0438\u0432\u0430\u0435\u043c\u0441\u044f \u043f\u043e\u0434\u0445\u043e\u0434\u0430, \u0432 \u043a\u043e\u0442\u043e\u0440\u043e\u043c \u0433\u0438\u0431\u043a\u043e\u0441\u0442\u044c, \u0443\u0432\u0430\u0436\u0435\u043d\u0438\u0435 \u043a \u043a\u043b\u0438\u0435\u043d\u0442\u0443 \u0438 \u0441\u0442\u0430\u0431\u0438\u043b\u044c\u043d\u043e\u0435 \u043a\u0430\u0447\u0435\u0441\u0442\u0432\u043e \u043d\u0430\u0445\u043e\u0434\u044f\u0442\u0441\u044f \u0432 \u0446\u0435\u043d\u0442\u0440\u0435 \u0432\u043d\u0438\u043c\u0430\u043d\u0438\u044f. \u041d\u0430\u0448\u0430 \u0446\u0435\u043b\u044c \u2014 \u0432\u044b\u043f\u0443\u0441\u043a\u0430\u0442\u044c \u043f\u0440\u043e\u0434\u0443\u043a\u0446\u0438\u044e, \u043f\u043e\u043b\u043d\u043e\u0441\u0442\u044c\u044e \u0441\u043e\u043e\u0442\u0432\u0435\u0442\u0441\u0442\u0432\u0443\u044e\u0449\u0443\u044e \u043e\u0436\u0438\u0434\u0430\u043d\u0438\u044f\u043c \u0437\u0430\u043a\u0430\u0437\u0447\u0438\u043a\u0430, \u043f\u043e\u0434\u0434\u0435\u0440\u0436\u0438\u0432\u0430\u044f \u0438\u043d\u0434\u0438\u0432\u0438\u0434\u0443\u0430\u043b\u044c\u043d\u044b\u0439 \u043f\u043e\u0434\u0445\u043e\u0434 \u0438 \u0448\u0438\u0440\u043e\u043a\u0438\u0439 \u0430\u0441\u0441\u043e\u0440\u0442\u0438\u043c\u0435\u043d\u0442.<\/p><p>VEFA \u0441\u0442\u0440\u0435\u043c\u0438\u0442\u0441\u044f \u0431\u044b\u0442\u044c \u043d\u0430\u0434\u0451\u0436\u043d\u044b\u043c \u0438 \u0441\u0442\u0430\u0431\u0438\u043b\u044c\u043d\u044b\u043c \u043f\u0430\u0440\u0442\u043d\u0451\u0440\u043e\u043c \u0432 \u0441\u0444\u0435\u0440\u0435 \u0433\u0438\u0433\u0438\u0435\u043d\u0438\u0447\u0435\u0441\u043a\u043e\u0439 \u043f\u0440\u043e\u0434\u0443\u043a\u0446\u0438\u0438. \u041c\u044b \u043f\u0440\u0438\u0434\u0435\u0440\u0436\u0438\u0432\u0430\u0435\u043c\u0441\u044f \u043f\u0440\u0438\u043d\u0446\u0438\u043f\u043e\u0432 \u0443\u0441\u0442\u043e\u0439\u0447\u0438\u0432\u043e\u0433\u043e \u0440\u0430\u0437\u0432\u0438\u0442\u0438\u044f, \u043f\u0440\u0435\u0434\u043b\u0430\u0433\u0430\u0435\u043c \u043a\u043e\u043d\u043a\u0443\u0440\u0435\u043d\u0442\u043d\u044b\u0435 \u0440\u0435\u0448\u0435\u043d\u0438\u044f \u0438 \u0441 \u043a\u0430\u0436\u0434\u044b\u043c \u0434\u043d\u0451\u043c \u0443\u043a\u0440\u0435\u043f\u043b\u044f\u0435\u043c \u0434\u043e\u0432\u0435\u0440\u0438\u0435 \u043d\u0430 \u043c\u0435\u0436\u0434\u0443\u043d\u0430\u0440\u043e\u0434\u043d\u044b\u0445 \u0440\u044b\u043d\u043a\u0430\u0445.\u00a0<\/p>\t\t\t\t\t\t\t\t<\/div>\n\t\t\t\t<\/div>\n\t\t\t\t<div class=\"elementor-element elementor-element-3e804de sc_fly_static elementor-widget elementor-widget-trx_sc_button\" data-id=\"3e804de\" data-element_type=\"widget\" data-widget_type=\"trx_sc_button.default\">\n\t\t\t\t<div class=\"elementor-widget-container\">\n\t\t\t\t\t<div\tclass=\"sc_item_button sc_button_wrap\" ><a href=\"https:\/\/softandpower.com\/ru\/contact\/\" class=\"sc_button sc_button_default sc_button_size_normal sc_button_icon_left\" ><span class=\"sc_button_text\"><span class=\"sc_button_title\">\u0421\u0432\u044f\u0437\u0430\u0442\u044c\u0441\u044f \u0441 \u043d\u0430\u043c\u0438<\/span><\/span><\/a><\/div>\t\t\t\t<\/div>\n\t\t\t\t<\/div>\n\t\t\t\t\t<\/div>\n\t\t<\/div>\n\t\t\t\t\t<\/div>\n\t\t<\/section>\n\t\t\t\t<section class=\"elementor-section elementor-top-section elementor-element elementor-element-3dfc846 elementor-section-boxed elementor-section-height-default elementor-section-height-default sc_fly_static\" data-id=\"3dfc846\" data-element_type=\"section\">\n\t\t\t\t\t\t<div class=\"elementor-container elementor-column-gap-extended\">\n\t\t\t\t\t<div class=\"elementor-column elementor-col-100 elementor-top-column elementor-element elementor-element-d9332f3 sc_content_align_inherit sc_layouts_column_icons_position_left sc_fly_static\" data-id=\"d9332f3\" data-element_type=\"column\">\n\t\t\t<div class=\"elementor-widget-wrap elementor-element-populated\">\n\t\t\t\t\t\t<div class=\"elementor-element elementor-element-e66b949 sc_height_large sc_fly_static elementor-widget elementor-widget-spacer\" data-id=\"e66b949\" data-element_type=\"widget\" data-widget_type=\"spacer.default\">\n\t\t\t\t<div class=\"elementor-widget-container\">\n\t\t\t\t\t\t\t<div class=\"elementor-spacer\">\n\t\t\t<div class=\"elementor-spacer-inner\"><\/div>\n\t\t<\/div>\n\t\t\t\t\t\t<\/div>\n\t\t\t\t<\/div>\n\t\t\t\t\t<\/div>\n\t\t<\/div>\n\t\t\t\t\t<\/div>\n\t\t<\/section>\n\t\t\t\t<\/div>","protected":false},"excerpt":{"rendered":"<p>Your Strategic Partner in Private Label Hygiene Products VEFA GLOBAL PAZARLAMA SANAY\u0130 VE T\u0130CARET L\u0130M\u0130TED \u015e\u0130RKET\u0130 is a company operating in the field of hygiene and healthcare products. We offer&hellip;<\/p>","protected":false},"author":1,"featured_media":0,"parent":0,"menu_order":0,"comment_status":"closed","ping_status":"closed","template":"","meta":{"footnotes":""},"class_list":["post-37712","page","type-page","status-publish","hentry"],"yoast_head":"<!-- This site is optimized with the Yoast SEO plugin v25.8 - https:\/\/yoast.com\/wordpress\/plugins\/seo\/ -->\n<title>Private Label - Soft &amp; Power Hygiene<\/title>\n<meta name=\"robots\" content=\"index, follow, max-snippet:-1, max-image-preview:large, max-video-preview:-1\" \/>\n<link rel=\"canonical\" href=\"https:\/\/softandpower.com\/ru\/private-label\/\" \/>\n<meta property=\"og:locale\" content=\"ru_RU\" \/>\n<meta property=\"og:type\" content=\"article\" \/>\n<meta property=\"og:title\" content=\"Private Label - Soft &amp; Power Hygiene\" \/>\n<meta property=\"og:description\" content=\"Your Strategic Partner in Private Label Hygiene Products VEFA GLOBAL PAZARLAMA SANAY\u0130 VE T\u0130CARET L\u0130M\u0130TED \u015e\u0130RKET\u0130 is a company operating in the field of hygiene and healthcare products. We offer&hellip;\" \/>\n<meta property=\"og:url\" content=\"https:\/\/softandpower.com\/ru\/private-label\/\" \/>\n<meta property=\"og:site_name\" content=\"Soft &amp; Power Hygiene\" \/>\n<meta property=\"article:modified_time\" content=\"2025-11-11T12:38:17+00:00\" \/>\n<meta property=\"og:image\" content=\"http:\/\/softandpower.com\/wp-content\/uploads\/2025\/11\/baner_your-brand_1900x400-2-2-scaled.jpg\" \/>\n<meta name=\"twitter:card\" content=\"summary_large_image\" \/>\n<meta name=\"twitter:label1\" content=\"\u041f\u0440\u0438\u043c\u0435\u0440\u043d\u043e\u0435 \u0432\u0440\u0435\u043c\u044f \u0434\u043b\u044f \u0447\u0442\u0435\u043d\u0438\u044f\" \/>\n\t<meta name=\"twitter:data1\" content=\"1 \u043c\u0438\u043d\u0443\u0442\u0430\" \/>\n<script type=\"application\/ld+json\" class=\"yoast-schema-graph\">{\"@context\":\"https:\/\/schema.org\",\"@graph\":[{\"@type\":\"WebPage\",\"@id\":\"https:\/\/softandpower.com\/private-label\/\",\"url\":\"https:\/\/softandpower.com\/private-label\/\",\"name\":\"Private Label - Soft &amp; Power Hygiene\",\"isPartOf\":{\"@id\":\"https:\/\/softandpower.com\/#website\"},\"primaryImageOfPage\":{\"@id\":\"https:\/\/softandpower.com\/private-label\/#primaryimage\"},\"image\":{\"@id\":\"https:\/\/softandpower.com\/private-label\/#primaryimage\"},\"thumbnailUrl\":\"http:\/\/softandpower.com\/wp-content\/uploads\/2025\/11\/baner_your-brand_1900x400-2-2-scaled.jpg\",\"datePublished\":\"2025-09-10T13:12:43+00:00\",\"dateModified\":\"2025-11-11T12:38:17+00:00\",\"breadcrumb\":{\"@id\":\"https:\/\/softandpower.com\/private-label\/#breadcrumb\"},\"inLanguage\":\"ru-RU\",\"potentialAction\":[{\"@type\":\"ReadAction\",\"target\":[\"https:\/\/softandpower.com\/private-label\/\"]}]},{\"@type\":\"ImageObject\",\"inLanguage\":\"ru-RU\",\"@id\":\"https:\/\/softandpower.com\/private-label\/#primaryimage\",\"url\":\"http:\/\/softandpower.com\/wp-content\/uploads\/2025\/11\/baner_your-brand_1900x400-2-2-scaled.jpg\",\"contentUrl\":\"http:\/\/softandpower.com\/wp-content\/uploads\/2025\/11\/baner_your-brand_1900x400-2-2-scaled.jpg\"},{\"@type\":\"BreadcrumbList\",\"@id\":\"https:\/\/softandpower.com\/private-label\/#breadcrumb\",\"itemListElement\":[{\"@type\":\"ListItem\",\"position\":1,\"name\":\"Home\",\"item\":\"https:\/\/softandpower.com\/\"},{\"@type\":\"ListItem\",\"position\":2,\"name\":\"Private Label\"}]},{\"@type\":\"WebSite\",\"@id\":\"https:\/\/softandpower.com\/#website\",\"url\":\"https:\/\/softandpower.com\/\",\"name\":\"Soft &amp; Power Hygiene\",\"description\":\"Trusted Baby &amp; Adult Care Solutions\",\"publisher\":{\"@id\":\"https:\/\/softandpower.com\/#organization\"},\"potentialAction\":[{\"@type\":\"SearchAction\",\"target\":{\"@type\":\"EntryPoint\",\"urlTemplate\":\"https:\/\/softandpower.com\/?s={search_term_string}\"},\"query-input\":{\"@type\":\"PropertyValueSpecification\",\"valueRequired\":true,\"valueName\":\"search_term_string\"}}],\"inLanguage\":\"ru-RU\"},{\"@type\":\"Organization\",\"@id\":\"https:\/\/softandpower.com\/#organization\",\"name\":\"Soft &amp; Power Hygiene\",\"url\":\"https:\/\/softandpower.com\/\",\"logo\":{\"@type\":\"ImageObject\",\"inLanguage\":\"ru-RU\",\"@id\":\"https:\/\/softandpower.com\/#\/schema\/logo\/image\/\",\"url\":\"https:\/\/softandpower.com\/wp-content\/uploads\/2025\/09\/logo-2-scaled.png\",\"contentUrl\":\"https:\/\/softandpower.com\/wp-content\/uploads\/2025\/09\/logo-2-scaled.png\",\"width\":2560,\"height\":1171,\"caption\":\"Soft &amp; Power Hygiene\"},\"image\":{\"@id\":\"https:\/\/softandpower.com\/#\/schema\/logo\/image\/\"}}]}<\/script>\n<!-- \/ Yoast SEO plugin. -->","yoast_head_json":{"title":"Private Label - Soft &amp; Power Hygiene","robots":{"index":"index","follow":"follow","max-snippet":"max-snippet:-1","max-image-preview":"max-image-preview:large","max-video-preview":"max-video-preview:-1"},"canonical":"https:\/\/softandpower.com\/ru\/private-label\/","og_locale":"ru_RU","og_type":"article","og_title":"Private Label - Soft &amp; Power Hygiene","og_description":"Your Strategic Partner in Private Label Hygiene Products VEFA GLOBAL PAZARLAMA SANAY\u0130 VE T\u0130CARET L\u0130M\u0130TED \u015e\u0130RKET\u0130 is a company operating in the field of hygiene and healthcare products. We offer&hellip;","og_url":"https:\/\/softandpower.com\/ru\/private-label\/","og_site_name":"Soft &amp; Power Hygiene","article_modified_time":"2025-11-11T12:38:17+00:00","og_image":[{"url":"http:\/\/softandpower.com\/wp-content\/uploads\/2025\/11\/baner_your-brand_1900x400-2-2-scaled.jpg","type":"","width":"","height":""}],"twitter_card":"summary_large_image","twitter_misc":{"\u041f\u0440\u0438\u043c\u0435\u0440\u043d\u043e\u0435 \u0432\u0440\u0435\u043c\u044f \u0434\u043b\u044f \u0447\u0442\u0435\u043d\u0438\u044f":"1 \u043c\u0438\u043d\u0443\u0442\u0430"},"schema":{"@context":"https:\/\/schema.org","@graph":[{"@type":"WebPage","@id":"https:\/\/softandpower.com\/private-label\/","url":"https:\/\/softandpower.com\/private-label\/","name":"Private Label - Soft &amp; Power Hygiene","isPartOf":{"@id":"https:\/\/softandpower.com\/#website"},"primaryImageOfPage":{"@id":"https:\/\/softandpower.com\/private-label\/#primaryimage"},"image":{"@id":"https:\/\/softandpower.com\/private-label\/#primaryimage"},"thumbnailUrl":"http:\/\/softandpower.com\/wp-content\/uploads\/2025\/11\/baner_your-brand_1900x400-2-2-scaled.jpg","datePublished":"2025-09-10T13:12:43+00:00","dateModified":"2025-11-11T12:38:17+00:00","breadcrumb":{"@id":"https:\/\/softandpower.com\/private-label\/#breadcrumb"},"inLanguage":"ru-RU","potentialAction":[{"@type":"ReadAction","target":["https:\/\/softandpower.com\/private-label\/"]}]},{"@type":"ImageObject","inLanguage":"ru-RU","@id":"https:\/\/softandpower.com\/private-label\/#primaryimage","url":"http:\/\/softandpower.com\/wp-content\/uploads\/2025\/11\/baner_your-brand_1900x400-2-2-scaled.jpg","contentUrl":"http:\/\/softandpower.com\/wp-content\/uploads\/2025\/11\/baner_your-brand_1900x400-2-2-scaled.jpg"},{"@type":"BreadcrumbList","@id":"https:\/\/softandpower.com\/private-label\/#breadcrumb","itemListElement":[{"@type":"ListItem","position":1,"name":"Home","item":"https:\/\/softandpower.com\/"},{"@type":"ListItem","position":2,"name":"Private Label"}]},{"@type":"WebSite","@id":"https:\/\/softandpower.com\/#website","url":"https:\/\/softandpower.com\/","name":"Soft &amp; Power Hygiene","description":"Trusted Baby &amp; Adult Care Solutions","publisher":{"@id":"https:\/\/softandpower.com\/#organization"},"potentialAction":[{"@type":"SearchAction","target":{"@type":"EntryPoint","urlTemplate":"https:\/\/softandpower.com\/?s={search_term_string}"},"query-input":{"@type":"PropertyValueSpecification","valueRequired":true,"valueName":"search_term_string"}}],"inLanguage":"ru-RU"},{"@type":"Organization","@id":"https:\/\/softandpower.com\/#organization","name":"Soft &amp; Power Hygiene","url":"https:\/\/softandpower.com\/","logo":{"@type":"ImageObject","inLanguage":"ru-RU","@id":"https:\/\/softandpower.com\/#\/schema\/logo\/image\/","url":"https:\/\/softandpower.com\/wp-content\/uploads\/2025\/09\/logo-2-scaled.png","contentUrl":"https:\/\/softandpower.com\/wp-content\/uploads\/2025\/09\/logo-2-scaled.png","width":2560,"height":1171,"caption":"Soft &amp; Power Hygiene"},"image":{"@id":"https:\/\/softandpower.com\/#\/schema\/logo\/image\/"}}]}},"_links":{"self":[{"href":"https:\/\/softandpower.com\/ru\/wp-json\/wp\/v2\/pages\/37712","targetHints":{"allow":["GET"]}}],"collection":[{"href":"https:\/\/softandpower.com\/ru\/wp-json\/wp\/v2\/pages"}],"about":[{"href":"https:\/\/softandpower.com\/ru\/wp-json\/wp\/v2\/types\/page"}],"author":[{"embeddable":true,"href":"https:\/\/softandpower.com\/ru\/wp-json\/wp\/v2\/users\/1"}],"replies":[{"embeddable":true,"href":"https:\/\/softandpower.com\/ru\/wp-json\/wp\/v2\/comments?post=37712"}],"version-history":[{"count":44,"href":"https:\/\/softandpower.com\/ru\/wp-json\/wp\/v2\/pages\/37712\/revisions"}],"predecessor-version":[{"id":39041,"href":"https:\/\/softandpower.com\/ru\/wp-json\/wp\/v2\/pages\/37712\/revisions\/39041"}],"wp:attachment":[{"href":"https:\/\/softandpower.com\/ru\/wp-json\/wp\/v2\/media?parent=37712"}],"curies":[{"name":"wp","href":"https:\/\/api.w.org\/{rel}","templated":true}]}}