{"id":38226,"date":"2025-09-20T08:50:58","date_gmt":"2025-09-20T08:50:58","guid":{"rendered":"https:\/\/softandpower.com\/?page_id=38226"},"modified":"2026-02-05T11:40:42","modified_gmt":"2026-02-05T11:40:42","slug":"quality-control","status":"publish","type":"page","link":"https:\/\/softandpower.com\/de\/quality-control\/","title":{"rendered":"Qualit\u00e4tskontrolle"},"content":{"rendered":"<div data-elementor-type=\"wp-page\" data-elementor-id=\"38226\" class=\"elementor elementor-38226\">\n\t\t\t\t\t\t<section class=\"elementor-section elementor-top-section elementor-element elementor-element-08bb212 scheme_light elementor-section-boxed elementor-section-height-default elementor-section-height-default sc_fly_static\" data-id=\"08bb212\" data-element_type=\"section\">\n\t\t\t\t\t\t<div class=\"elementor-container elementor-column-gap-extended\">\n\t\t\t\t\t<div class=\"elementor-column elementor-col-100 elementor-top-column elementor-element elementor-element-c600a72 sc_content_align_inherit sc_layouts_column_icons_position_left sc_fly_static\" data-id=\"c600a72\" data-element_type=\"column\">\n\t\t\t<div class=\"elementor-widget-wrap elementor-element-populated\">\n\t\t\t\t\t\t<div class=\"elementor-element elementor-element-ea6184e sc_height_large sc_fly_static elementor-widget elementor-widget-spacer\" data-id=\"ea6184e\" data-element_type=\"widget\" data-widget_type=\"spacer.default\">\n\t\t\t\t<div class=\"elementor-widget-container\">\n\t\t\t\t\t\t\t<div class=\"elementor-spacer\">\n\t\t\t<div class=\"elementor-spacer-inner\"><\/div>\n\t\t<\/div>\n\t\t\t\t\t\t<\/div>\n\t\t\t\t<\/div>\n\t\t\t\t<div class=\"elementor-element elementor-element-db990db sc_layouts_hide_on_wide sc_layouts_hide_on_desktop sc_layouts_hide_on_notebook sc_layouts_hide_on_tablet sc_fly_static elementor-widget elementor-widget-spacer\" data-id=\"db990db\" data-element_type=\"widget\" data-widget_type=\"spacer.default\">\n\t\t\t\t<div class=\"elementor-widget-container\">\n\t\t\t\t\t\t\t<div class=\"elementor-spacer\">\n\t\t\t<div class=\"elementor-spacer-inner\"><\/div>\n\t\t<\/div>\n\t\t\t\t\t\t<\/div>\n\t\t\t\t<\/div>\n\t\t\t\t\t<\/div>\n\t\t<\/div>\n\t\t\t\t\t<\/div>\n\t\t<\/section>\n\t\t\t\t<section class=\"elementor-section elementor-top-section elementor-element elementor-element-1dac524 elementor-section-boxed elementor-section-height-default elementor-section-height-default sc_fly_static\" data-id=\"1dac524\" data-element_type=\"section\">\n\t\t\t\t\t\t<div class=\"elementor-container elementor-column-gap-extended\">\n\t\t\t\t\t<div class=\"elementor-column elementor-col-100 elementor-top-column elementor-element elementor-element-1576874 sc_content_align_inherit sc_layouts_column_icons_position_left sc_fly_static\" data-id=\"1576874\" data-element_type=\"column\">\n\t\t\t<div class=\"elementor-widget-wrap elementor-element-populated\">\n\t\t\t\t\t\t<div class=\"elementor-element elementor-element-69ae419 sc_fly_static elementor-widget elementor-widget-text-editor\" data-id=\"69ae419\" data-element_type=\"widget\" data-widget_type=\"text-editor.default\">\n\t\t\t\t<div class=\"elementor-widget-container\">\n\t\t\t\t\t\t\t\t\t<p>VEFA GLOBAL PAZARLAMA SANAY\u0130 VE T\u0130CARET L\u0130M\u0130TED \u015e\u0130RKET\u0130, we are a team of people who are passionate about what we do and who understand how crucial reliability is when it comes to hygiene and family care. At every stage \u2014 from idea to finished product \u2014 we invest attention, experience, and responsibility, because we know that what we produce becomes a part of someone\u2019s daily life.<\/p><p>Wir legen besonderen Wert auf Qualit\u00e4t, denn unsere Produkte ber\u00fchren das Wertvollste \u2013 Kinder, Angeh\u00f6rige, Eltern. Deshalb \u00fcberpr\u00fcft das VEFA-Team sorgf\u00e4ltig jede Produktionsstufe, achtet auf die Einhaltung der Standards und widmet selbst den kleinsten Details Aufmerksamkeit.<\/p><p>Wir folgen nicht einfach nur modernen Technologien und Trends \u2013 wir w\u00e4hlen die besten L\u00f6sungen, damit unsere Produkte sicher, komfortabel und vertrauensw\u00fcrdig sind. Denn hinter jedem unserer Produkte steht der Wunsch, den Menschen in den wichtigsten Momenten ihres Lebens Vertrauen, Ruhe und das Gef\u00fchl von F\u00fcrsorge zu schenken.\u00a0<\/p>\t\t\t\t\t\t\t\t<\/div>\n\t\t\t\t<\/div>\n\t\t\t\t<div class=\"elementor-element elementor-element-1f6b189 sc_layouts_hide_on_wide sc_layouts_hide_on_desktop sc_layouts_hide_on_notebook sc_layouts_hide_on_tablet sc_fly_static elementor-widget elementor-widget-spacer\" data-id=\"1f6b189\" data-element_type=\"widget\" data-widget_type=\"spacer.default\">\n\t\t\t\t<div class=\"elementor-widget-container\">\n\t\t\t\t\t\t\t<div class=\"elementor-spacer\">\n\t\t\t<div class=\"elementor-spacer-inner\"><\/div>\n\t\t<\/div>\n\t\t\t\t\t\t<\/div>\n\t\t\t\t<\/div>\n\t\t\t\t<div class=\"elementor-element elementor-element-531331d sc_height_large sc_fly_static elementor-widget elementor-widget-spacer\" data-id=\"531331d\" data-element_type=\"widget\" data-widget_type=\"spacer.default\">\n\t\t\t\t<div class=\"elementor-widget-container\">\n\t\t\t\t\t\t\t<div class=\"elementor-spacer\">\n\t\t\t<div class=\"elementor-spacer-inner\"><\/div>\n\t\t<\/div>\n\t\t\t\t\t\t<\/div>\n\t\t\t\t<\/div>\n\t\t\t\t\t<\/div>\n\t\t<\/div>\n\t\t\t\t\t<\/div>\n\t\t<\/section>\n\t\t\t\t<\/div>","protected":false},"excerpt":{"rendered":"<p>VEFA GLOBAL PAZARLAMA SANAY\u0130 VE T\u0130CARET L\u0130M\u0130TED \u015e\u0130RKET\u0130, we are a team of people who are passionate about what we do and who understand how crucial reliability is when it&hellip;<\/p>","protected":false},"author":1,"featured_media":0,"parent":0,"menu_order":0,"comment_status":"closed","ping_status":"closed","template":"","meta":{"footnotes":""},"class_list":["post-38226","page","type-page","status-publish","hentry"],"yoast_head":"<!-- This site is optimized with the Yoast SEO plugin v25.8 - https:\/\/yoast.com\/wordpress\/plugins\/seo\/ -->\n<title>Quality Control - Soft &amp; Power Hygiene<\/title>\n<meta name=\"robots\" content=\"index, follow, max-snippet:-1, max-image-preview:large, max-video-preview:-1\" \/>\n<link rel=\"canonical\" href=\"https:\/\/softandpower.com\/de\/quality-control\/\" \/>\n<meta property=\"og:locale\" content=\"de_DE\" \/>\n<meta property=\"og:type\" content=\"article\" \/>\n<meta property=\"og:title\" content=\"Quality Control - Soft &amp; Power Hygiene\" \/>\n<meta property=\"og:description\" content=\"VEFA GLOBAL PAZARLAMA SANAY\u0130 VE T\u0130CARET L\u0130M\u0130TED \u015e\u0130RKET\u0130, we are a team of people who are passionate about what we do and who understand how crucial reliability is when it&hellip;\" \/>\n<meta property=\"og:url\" content=\"https:\/\/softandpower.com\/de\/quality-control\/\" \/>\n<meta property=\"og:site_name\" content=\"Soft &amp; Power Hygiene\" \/>\n<meta property=\"article:modified_time\" content=\"2026-02-05T11:40:42+00:00\" \/>\n<meta name=\"twitter:card\" content=\"summary_large_image\" \/>\n<meta name=\"twitter:label1\" content=\"Gesch\u00e4tzte Lesezeit\" \/>\n\t<meta name=\"twitter:data1\" content=\"1\u00a0Minute\" \/>\n<script type=\"application\/ld+json\" class=\"yoast-schema-graph\">{\"@context\":\"https:\/\/schema.org\",\"@graph\":[{\"@type\":\"WebPage\",\"@id\":\"https:\/\/softandpower.com\/quality-control\/\",\"url\":\"https:\/\/softandpower.com\/quality-control\/\",\"name\":\"Quality Control - Soft &amp; Power Hygiene\",\"isPartOf\":{\"@id\":\"https:\/\/softandpower.com\/#website\"},\"datePublished\":\"2025-09-20T08:50:58+00:00\",\"dateModified\":\"2026-02-05T11:40:42+00:00\",\"breadcrumb\":{\"@id\":\"https:\/\/softandpower.com\/quality-control\/#breadcrumb\"},\"inLanguage\":\"de\",\"potentialAction\":[{\"@type\":\"ReadAction\",\"target\":[\"https:\/\/softandpower.com\/quality-control\/\"]}]},{\"@type\":\"BreadcrumbList\",\"@id\":\"https:\/\/softandpower.com\/quality-control\/#breadcrumb\",\"itemListElement\":[{\"@type\":\"ListItem\",\"position\":1,\"name\":\"Home\",\"item\":\"https:\/\/softandpower.com\/\"},{\"@type\":\"ListItem\",\"position\":2,\"name\":\"Quality Control\"}]},{\"@type\":\"WebSite\",\"@id\":\"https:\/\/softandpower.com\/#website\",\"url\":\"https:\/\/softandpower.com\/\",\"name\":\"Soft &amp; Power Hygiene\",\"description\":\"Trusted Baby &amp; Adult Care Solutions\",\"publisher\":{\"@id\":\"https:\/\/softandpower.com\/#organization\"},\"potentialAction\":[{\"@type\":\"SearchAction\",\"target\":{\"@type\":\"EntryPoint\",\"urlTemplate\":\"https:\/\/softandpower.com\/?s={search_term_string}\"},\"query-input\":{\"@type\":\"PropertyValueSpecification\",\"valueRequired\":true,\"valueName\":\"search_term_string\"}}],\"inLanguage\":\"de\"},{\"@type\":\"Organization\",\"@id\":\"https:\/\/softandpower.com\/#organization\",\"name\":\"Soft &amp; Power Hygiene\",\"url\":\"https:\/\/softandpower.com\/\",\"logo\":{\"@type\":\"ImageObject\",\"inLanguage\":\"de\",\"@id\":\"https:\/\/softandpower.com\/#\/schema\/logo\/image\/\",\"url\":\"https:\/\/softandpower.com\/wp-content\/uploads\/2025\/09\/logo-2-scaled.png\",\"contentUrl\":\"https:\/\/softandpower.com\/wp-content\/uploads\/2025\/09\/logo-2-scaled.png\",\"width\":2560,\"height\":1171,\"caption\":\"Soft &amp; Power Hygiene\"},\"image\":{\"@id\":\"https:\/\/softandpower.com\/#\/schema\/logo\/image\/\"}}]}<\/script>\n<!-- \/ Yoast SEO plugin. -->","yoast_head_json":{"title":"Quality Control - Soft &amp; Power Hygiene","robots":{"index":"index","follow":"follow","max-snippet":"max-snippet:-1","max-image-preview":"max-image-preview:large","max-video-preview":"max-video-preview:-1"},"canonical":"https:\/\/softandpower.com\/de\/quality-control\/","og_locale":"de_DE","og_type":"article","og_title":"Quality Control - Soft &amp; Power Hygiene","og_description":"VEFA GLOBAL PAZARLAMA SANAY\u0130 VE T\u0130CARET L\u0130M\u0130TED \u015e\u0130RKET\u0130, we are a team of people who are passionate about what we do and who understand how crucial reliability is when it&hellip;","og_url":"https:\/\/softandpower.com\/de\/quality-control\/","og_site_name":"Soft &amp; Power Hygiene","article_modified_time":"2026-02-05T11:40:42+00:00","twitter_card":"summary_large_image","twitter_misc":{"Gesch\u00e4tzte Lesezeit":"1\u00a0Minute"},"schema":{"@context":"https:\/\/schema.org","@graph":[{"@type":"WebPage","@id":"https:\/\/softandpower.com\/quality-control\/","url":"https:\/\/softandpower.com\/quality-control\/","name":"Quality Control - Soft &amp; Power Hygiene","isPartOf":{"@id":"https:\/\/softandpower.com\/#website"},"datePublished":"2025-09-20T08:50:58+00:00","dateModified":"2026-02-05T11:40:42+00:00","breadcrumb":{"@id":"https:\/\/softandpower.com\/quality-control\/#breadcrumb"},"inLanguage":"de","potentialAction":[{"@type":"ReadAction","target":["https:\/\/softandpower.com\/quality-control\/"]}]},{"@type":"BreadcrumbList","@id":"https:\/\/softandpower.com\/quality-control\/#breadcrumb","itemListElement":[{"@type":"ListItem","position":1,"name":"Home","item":"https:\/\/softandpower.com\/"},{"@type":"ListItem","position":2,"name":"Quality Control"}]},{"@type":"WebSite","@id":"https:\/\/softandpower.com\/#website","url":"https:\/\/softandpower.com\/","name":"Soft &amp; Power Hygiene","description":"Trusted Baby &amp; Adult Care Solutions","publisher":{"@id":"https:\/\/softandpower.com\/#organization"},"potentialAction":[{"@type":"SearchAction","target":{"@type":"EntryPoint","urlTemplate":"https:\/\/softandpower.com\/?s={search_term_string}"},"query-input":{"@type":"PropertyValueSpecification","valueRequired":true,"valueName":"search_term_string"}}],"inLanguage":"de"},{"@type":"Organization","@id":"https:\/\/softandpower.com\/#organization","name":"Soft &amp; Power Hygiene","url":"https:\/\/softandpower.com\/","logo":{"@type":"ImageObject","inLanguage":"de","@id":"https:\/\/softandpower.com\/#\/schema\/logo\/image\/","url":"https:\/\/softandpower.com\/wp-content\/uploads\/2025\/09\/logo-2-scaled.png","contentUrl":"https:\/\/softandpower.com\/wp-content\/uploads\/2025\/09\/logo-2-scaled.png","width":2560,"height":1171,"caption":"Soft &amp; Power Hygiene"},"image":{"@id":"https:\/\/softandpower.com\/#\/schema\/logo\/image\/"}}]}},"_links":{"self":[{"href":"https:\/\/softandpower.com\/de\/wp-json\/wp\/v2\/pages\/38226","targetHints":{"allow":["GET"]}}],"collection":[{"href":"https:\/\/softandpower.com\/de\/wp-json\/wp\/v2\/pages"}],"about":[{"href":"https:\/\/softandpower.com\/de\/wp-json\/wp\/v2\/types\/page"}],"author":[{"embeddable":true,"href":"https:\/\/softandpower.com\/de\/wp-json\/wp\/v2\/users\/1"}],"replies":[{"embeddable":true,"href":"https:\/\/softandpower.com\/de\/wp-json\/wp\/v2\/comments?post=38226"}],"version-history":[{"count":20,"href":"https:\/\/softandpower.com\/de\/wp-json\/wp\/v2\/pages\/38226\/revisions"}],"predecessor-version":[{"id":39290,"href":"https:\/\/softandpower.com\/de\/wp-json\/wp\/v2\/pages\/38226\/revisions\/39290"}],"wp:attachment":[{"href":"https:\/\/softandpower.com\/de\/wp-json\/wp\/v2\/media?parent=38226"}],"curies":[{"name":"wp","href":"https:\/\/api.w.org\/{rel}","templated":true}]}}