{"id":32384,"date":"2023-08-22T15:31:12","date_gmt":"2023-08-22T15:31:12","guid":{"rendered":"https:\/\/softandpower.com\/?page_id=32384"},"modified":"2026-02-05T11:38:21","modified_gmt":"2026-02-05T11:38:21","slug":"about-us","status":"publish","type":"page","link":"https:\/\/softandpower.com\/de\/about-us\/","title":{"rendered":"\u00dcber uns"},"content":{"rendered":"<div data-elementor-type=\"wp-page\" data-elementor-id=\"32384\" class=\"elementor elementor-32384\">\n\t\t\t\t\t\t<section class=\"elementor-section elementor-top-section elementor-element elementor-element-08bb212 scheme_light elementor-section-boxed elementor-section-height-default elementor-section-height-default sc_fly_static\" data-id=\"08bb212\" data-element_type=\"section\">\n\t\t\t\t\t\t<div class=\"elementor-container elementor-column-gap-extended\">\n\t\t\t\t\t<div class=\"elementor-column elementor-col-100 elementor-top-column elementor-element elementor-element-c600a72 sc_content_align_inherit sc_layouts_column_icons_position_left sc_fly_static\" data-id=\"c600a72\" data-element_type=\"column\">\n\t\t\t<div class=\"elementor-widget-wrap elementor-element-populated\">\n\t\t\t\t\t\t<div class=\"elementor-element elementor-element-ea6184e sc_height_large sc_fly_static elementor-widget elementor-widget-spacer\" data-id=\"ea6184e\" data-element_type=\"widget\" data-widget_type=\"spacer.default\">\n\t\t\t\t<div class=\"elementor-widget-container\">\n\t\t\t\t\t\t\t<div class=\"elementor-spacer\">\n\t\t\t<div class=\"elementor-spacer-inner\"><\/div>\n\t\t<\/div>\n\t\t\t\t\t\t<\/div>\n\t\t\t\t<\/div>\n\t\t\t\t<div class=\"elementor-element elementor-element-db990db sc_layouts_hide_on_wide sc_layouts_hide_on_desktop sc_layouts_hide_on_notebook sc_layouts_hide_on_tablet sc_fly_static elementor-widget elementor-widget-spacer\" data-id=\"db990db\" data-element_type=\"widget\" data-widget_type=\"spacer.default\">\n\t\t\t\t<div class=\"elementor-widget-container\">\n\t\t\t\t\t\t\t<div class=\"elementor-spacer\">\n\t\t\t<div class=\"elementor-spacer-inner\"><\/div>\n\t\t<\/div>\n\t\t\t\t\t\t<\/div>\n\t\t\t\t<\/div>\n\t\t\t\t\t<\/div>\n\t\t<\/div>\n\t\t\t\t\t<\/div>\n\t\t<\/section>\n\t\t\t\t<section class=\"elementor-section elementor-top-section elementor-element elementor-element-53fdd43 elementor-section-content-middle scheme_light elementor-section-boxed elementor-section-height-default elementor-section-height-default sc_fly_static\" data-id=\"53fdd43\" data-element_type=\"section\">\n\t\t\t\t\t\t<div class=\"elementor-container elementor-column-gap-extended\">\n\t\t\t\t\t<div class=\"elementor-column elementor-col-50 elementor-top-column elementor-element elementor-element-80d4b78 sc_content_align_inherit sc_layouts_column_icons_position_left sc_fly_static\" data-id=\"80d4b78\" data-element_type=\"column\">\n\t\t\t<div class=\"elementor-widget-wrap elementor-element-populated\">\n\t\t\t\t\t\t<div class=\"elementor-element elementor-element-6fe31f7 no-title sc_fly_static elementor-widget elementor-widget-image\" data-id=\"6fe31f7\" data-element_type=\"widget\" data-widget_type=\"image.default\">\n\t\t\t\t<div class=\"elementor-widget-container\">\n\t\t\t\t\t\t\t\t\t\t\t\t\t\t\t<img fetchpriority=\"high\" decoding=\"async\" width=\"1000\" height=\"1459\" src=\"https:\/\/softandpower.com\/wp-content\/uploads\/2025\/09\/vefa-logo-2.jpg\" class=\"attachment-full size-full wp-image-37708\" alt=\"\" srcset=\"https:\/\/softandpower.com\/wp-content\/uploads\/2025\/09\/vefa-logo-2.jpg 1000w, https:\/\/softandpower.com\/wp-content\/uploads\/2025\/09\/vefa-logo-2-206x300.jpg 206w, https:\/\/softandpower.com\/wp-content\/uploads\/2025\/09\/vefa-logo-2-702x1024.jpg 702w, https:\/\/softandpower.com\/wp-content\/uploads\/2025\/09\/vefa-logo-2-768x1121.jpg 768w, https:\/\/softandpower.com\/wp-content\/uploads\/2025\/09\/vefa-logo-2-370x540.jpg 370w, https:\/\/softandpower.com\/wp-content\/uploads\/2025\/09\/vefa-logo-2-840x1226.jpg 840w, https:\/\/softandpower.com\/wp-content\/uploads\/2025\/09\/vefa-logo-2-410x598.jpg 410w, https:\/\/softandpower.com\/wp-content\/uploads\/2025\/09\/vefa-logo-2-600x875.jpg 600w\" sizes=\"(max-width: 1000px) 100vw, 1000px\" \/>\t\t\t\t\t\t\t\t\t\t\t\t\t\t\t<\/div>\n\t\t\t\t<\/div>\n\t\t\t\t<div class=\"elementor-element elementor-element-b475c0b sc_layouts_hide_on_wide sc_layouts_hide_on_desktop sc_layouts_hide_on_notebook sc_layouts_hide_on_tablet sc_fly_static elementor-widget elementor-widget-spacer\" data-id=\"b475c0b\" data-element_type=\"widget\" data-widget_type=\"spacer.default\">\n\t\t\t\t<div class=\"elementor-widget-container\">\n\t\t\t\t\t\t\t<div class=\"elementor-spacer\">\n\t\t\t<div class=\"elementor-spacer-inner\"><\/div>\n\t\t<\/div>\n\t\t\t\t\t\t<\/div>\n\t\t\t\t<\/div>\n\t\t\t\t\t<\/div>\n\t\t<\/div>\n\t\t\t\t<div class=\"elementor-column elementor-col-50 elementor-top-column elementor-element elementor-element-b5e64ad sc_content_align_inherit sc_layouts_column_icons_position_left sc_fly_static\" data-id=\"b5e64ad\" data-element_type=\"column\">\n\t\t\t<div class=\"elementor-widget-wrap elementor-element-populated\">\n\t\t\t\t\t\t<div class=\"elementor-element elementor-element-ab04875 sc_fly_static elementor-widget elementor-widget-trx_sc_title\" data-id=\"ab04875\" data-element_type=\"widget\" data-widget_type=\"trx_sc_title.default\">\n\t\t\t\t<div class=\"elementor-widget-container\">\n\t\t\t\t\t<div\t\tclass=\"sc_title sc_title_default\" ><span class=\"sc_item_subtitle sc_title_subtitle sc_item_subtitle_above sc_item_title_style_default\">Vefa Global<\/span><h2 class=\"sc_item_title sc_title_title sc_item_title_style_default sc_item_title_tag\"\n\t\t\t><span class=\"sc_item_title_text\">\u00dcber uns <\/span><\/h2><\/div>\t\t\t\t<\/div>\n\t\t\t\t<\/div>\n\t\t\t\t<div class=\"elementor-element elementor-element-d852d38 sc_height_tiny sc_fly_static elementor-widget elementor-widget-spacer\" data-id=\"d852d38\" data-element_type=\"widget\" data-widget_type=\"spacer.default\">\n\t\t\t\t<div class=\"elementor-widget-container\">\n\t\t\t\t\t\t\t<div class=\"elementor-spacer\">\n\t\t\t<div class=\"elementor-spacer-inner\"><\/div>\n\t\t<\/div>\n\t\t\t\t\t\t<\/div>\n\t\t\t\t<\/div>\n\t\t\t\t<div class=\"elementor-element elementor-element-06cffae sc_fly_static elementor-widget elementor-widget-text-editor\" data-id=\"06cffae\" data-element_type=\"widget\" data-widget_type=\"text-editor.default\">\n\t\t\t\t<div class=\"elementor-widget-container\">\n\t\t\t\t\t\t\t\t\t<p>Bei VEFA ULUSLARARASI TOPTAN GIDA PAZARLAMA SAN. VE T\u0130C. LTD. \u015eT\u0130. sind wir \u00fcberzeugt: Wahre F\u00fcrsorge beginnt mit einfachen, aber wichtigen Dingen. Deshalb produzieren wir Hygieneprodukte, die den Menschen helfen, sich jeden Tag wohl, sicher und selbstbewusst zu f\u00fchlen.<\/p><p>Wir stellen ein breites Sortiment an K\u00f6rperpflege- und Hygieneartikeln her. Alle unsere Produkte werden mit viel Liebe zum Detail und dem Verst\u00e4ndnis entwickelt, wie wichtig Hygiene in den verschiedenen Lebensphasen ist.<\/p><p>Wir verbinden moderne Technologien, strenge Qualit\u00e4tskontrollen und eine menschliche, herzliche Haltung. F\u00fcr uns bedeutet Produktion nicht nur Herstellung, sondern ein verl\u00e4sslicher Teil der F\u00fcrsorge zu sein \u2014 sei es f\u00fcr eine Familie, ein Kind, einen Erwachsenen oder einen \u00e4lteren Angeh\u00f6rigen.<\/p><p>Soft &amp; Power ist mehr als nur ein Produkt. Es steht f\u00fcr Partnerschaft, Vertrauen und t\u00e4gliches Engagement f\u00fcr das Wohlbefinden von Millionen Menschen. Gemeinsam mit unseren Kunden wachsen wir und glauben, dass jeder hochwertige und zugleich erschwingliche Hygienel\u00f6sungen verdient.<\/p>\t\t\t\t\t\t\t\t<\/div>\n\t\t\t\t<\/div>\n\t\t\t\t<div class=\"elementor-element elementor-element-345b35d sc_layouts_hide_on_wide sc_layouts_hide_on_desktop sc_layouts_hide_on_notebook sc_layouts_hide_on_tablet sc_fly_static elementor-widget elementor-widget-spacer\" data-id=\"345b35d\" data-element_type=\"widget\" data-widget_type=\"spacer.default\">\n\t\t\t\t<div class=\"elementor-widget-container\">\n\t\t\t\t\t\t\t<div class=\"elementor-spacer\">\n\t\t\t<div class=\"elementor-spacer-inner\"><\/div>\n\t\t<\/div>\n\t\t\t\t\t\t<\/div>\n\t\t\t\t<\/div>\n\t\t\t\t<div class=\"elementor-element elementor-element-42220ae sc_height_tiny sc_fly_static elementor-widget elementor-widget-spacer\" data-id=\"42220ae\" data-element_type=\"widget\" data-widget_type=\"spacer.default\">\n\t\t\t\t<div class=\"elementor-widget-container\">\n\t\t\t\t\t\t\t<div class=\"elementor-spacer\">\n\t\t\t<div class=\"elementor-spacer-inner\"><\/div>\n\t\t<\/div>\n\t\t\t\t\t\t<\/div>\n\t\t\t\t<\/div>\n\t\t\t\t<div class=\"elementor-element elementor-element-017c947 sc_layouts_hide_on_wide sc_layouts_hide_on_desktop sc_layouts_hide_on_notebook sc_layouts_hide_on_tablet sc_fly_static elementor-widget elementor-widget-spacer\" data-id=\"017c947\" data-element_type=\"widget\" data-widget_type=\"spacer.default\">\n\t\t\t\t<div class=\"elementor-widget-container\">\n\t\t\t\t\t\t\t<div class=\"elementor-spacer\">\n\t\t\t<div class=\"elementor-spacer-inner\"><\/div>\n\t\t<\/div>\n\t\t\t\t\t\t<\/div>\n\t\t\t\t<\/div>\n\t\t\t\t\t<\/div>\n\t\t<\/div>\n\t\t\t\t\t<\/div>\n\t\t<\/section>\n\t\t\t\t<section class=\"elementor-section elementor-top-section elementor-element elementor-element-3dfc846 elementor-section-boxed elementor-section-height-default elementor-section-height-default sc_fly_static\" data-id=\"3dfc846\" data-element_type=\"section\">\n\t\t\t\t\t\t<div class=\"elementor-container elementor-column-gap-extended\">\n\t\t\t\t\t<div class=\"elementor-column elementor-col-100 elementor-top-column elementor-element elementor-element-d9332f3 sc_content_align_inherit sc_layouts_column_icons_position_left sc_fly_static\" data-id=\"d9332f3\" data-element_type=\"column\">\n\t\t\t<div class=\"elementor-widget-wrap elementor-element-populated\">\n\t\t\t\t\t\t<div class=\"elementor-element elementor-element-e66b949 sc_height_large sc_fly_static elementor-widget elementor-widget-spacer\" data-id=\"e66b949\" data-element_type=\"widget\" data-widget_type=\"spacer.default\">\n\t\t\t\t<div class=\"elementor-widget-container\">\n\t\t\t\t\t\t\t<div class=\"elementor-spacer\">\n\t\t\t<div class=\"elementor-spacer-inner\"><\/div>\n\t\t<\/div>\n\t\t\t\t\t\t<\/div>\n\t\t\t\t<\/div>\n\t\t\t\t\t<\/div>\n\t\t<\/div>\n\t\t\t\t\t<\/div>\n\t\t<\/section>\n\t\t\t\t<\/div>","protected":false},"excerpt":{"rendered":"<p>Vefa Global About Us VEFA GLOBAL PAZARLAMA SANAY\u0130 VE T\u0130CARET L\u0130M\u0130TED \u015e\u0130RKET\u0130, we believe that true care begins with simple yet essential things. That is why we are dedicated to&hellip;<\/p>","protected":false},"author":1,"featured_media":0,"parent":0,"menu_order":0,"comment_status":"closed","ping_status":"closed","template":"","meta":{"footnotes":""},"class_list":["post-32384","page","type-page","status-publish","hentry"],"yoast_head":"<!-- This site is optimized with the Yoast SEO plugin v25.8 - https:\/\/yoast.com\/wordpress\/plugins\/seo\/ -->\n<title>About Us - Soft &amp; Power Hygiene<\/title>\n<meta name=\"robots\" content=\"index, follow, max-snippet:-1, max-image-preview:large, max-video-preview:-1\" \/>\n<link rel=\"canonical\" href=\"https:\/\/softandpower.com\/de\/about-us\/\" \/>\n<meta property=\"og:locale\" content=\"de_DE\" \/>\n<meta property=\"og:type\" content=\"article\" \/>\n<meta property=\"og:title\" content=\"About Us - Soft &amp; Power Hygiene\" \/>\n<meta property=\"og:description\" content=\"Vefa Global About Us VEFA GLOBAL PAZARLAMA SANAY\u0130 VE T\u0130CARET L\u0130M\u0130TED \u015e\u0130RKET\u0130, we believe that true care begins with simple yet essential things. That is why we are dedicated to&hellip;\" \/>\n<meta property=\"og:url\" content=\"https:\/\/softandpower.com\/de\/about-us\/\" \/>\n<meta property=\"og:site_name\" content=\"Soft &amp; Power Hygiene\" \/>\n<meta property=\"article:modified_time\" content=\"2026-02-05T11:38:21+00:00\" \/>\n<meta property=\"og:image\" content=\"https:\/\/softandpower.com\/wp-content\/uploads\/2025\/09\/vefa-logo-2.jpg\" \/>\n\t<meta property=\"og:image:width\" content=\"1000\" \/>\n\t<meta property=\"og:image:height\" content=\"1459\" \/>\n\t<meta property=\"og:image:type\" content=\"image\/jpeg\" \/>\n<meta name=\"twitter:card\" content=\"summary_large_image\" \/>\n<meta name=\"twitter:label1\" content=\"Gesch\u00e4tzte Lesezeit\" \/>\n\t<meta name=\"twitter:data1\" content=\"2\u00a0Minuten\" \/>\n<script type=\"application\/ld+json\" class=\"yoast-schema-graph\">{\"@context\":\"https:\/\/schema.org\",\"@graph\":[{\"@type\":\"WebPage\",\"@id\":\"https:\/\/softandpower.com\/about-us\/\",\"url\":\"https:\/\/softandpower.com\/about-us\/\",\"name\":\"About Us - Soft &amp; Power Hygiene\",\"isPartOf\":{\"@id\":\"https:\/\/softandpower.com\/#website\"},\"primaryImageOfPage\":{\"@id\":\"https:\/\/softandpower.com\/about-us\/#primaryimage\"},\"image\":{\"@id\":\"https:\/\/softandpower.com\/about-us\/#primaryimage\"},\"thumbnailUrl\":\"https:\/\/softandpower.com\/wp-content\/uploads\/2025\/09\/vefa-logo-2.jpg\",\"datePublished\":\"2023-08-22T15:31:12+00:00\",\"dateModified\":\"2026-02-05T11:38:21+00:00\",\"breadcrumb\":{\"@id\":\"https:\/\/softandpower.com\/about-us\/#breadcrumb\"},\"inLanguage\":\"de\",\"potentialAction\":[{\"@type\":\"ReadAction\",\"target\":[\"https:\/\/softandpower.com\/about-us\/\"]}]},{\"@type\":\"ImageObject\",\"inLanguage\":\"de\",\"@id\":\"https:\/\/softandpower.com\/about-us\/#primaryimage\",\"url\":\"https:\/\/softandpower.com\/wp-content\/uploads\/2025\/09\/vefa-logo-2.jpg\",\"contentUrl\":\"https:\/\/softandpower.com\/wp-content\/uploads\/2025\/09\/vefa-logo-2.jpg\"},{\"@type\":\"BreadcrumbList\",\"@id\":\"https:\/\/softandpower.com\/about-us\/#breadcrumb\",\"itemListElement\":[{\"@type\":\"ListItem\",\"position\":1,\"name\":\"Home\",\"item\":\"https:\/\/softandpower.com\/\"},{\"@type\":\"ListItem\",\"position\":2,\"name\":\"About Us\"}]},{\"@type\":\"WebSite\",\"@id\":\"https:\/\/softandpower.com\/#website\",\"url\":\"https:\/\/softandpower.com\/\",\"name\":\"Soft &amp; Power Hygiene\",\"description\":\"Trusted Baby &amp; Adult Care Solutions\",\"publisher\":{\"@id\":\"https:\/\/softandpower.com\/#organization\"},\"potentialAction\":[{\"@type\":\"SearchAction\",\"target\":{\"@type\":\"EntryPoint\",\"urlTemplate\":\"https:\/\/softandpower.com\/?s={search_term_string}\"},\"query-input\":{\"@type\":\"PropertyValueSpecification\",\"valueRequired\":true,\"valueName\":\"search_term_string\"}}],\"inLanguage\":\"de\"},{\"@type\":\"Organization\",\"@id\":\"https:\/\/softandpower.com\/#organization\",\"name\":\"Soft &amp; Power Hygiene\",\"url\":\"https:\/\/softandpower.com\/\",\"logo\":{\"@type\":\"ImageObject\",\"inLanguage\":\"de\",\"@id\":\"https:\/\/softandpower.com\/#\/schema\/logo\/image\/\",\"url\":\"https:\/\/softandpower.com\/wp-content\/uploads\/2025\/09\/logo-2-scaled.png\",\"contentUrl\":\"https:\/\/softandpower.com\/wp-content\/uploads\/2025\/09\/logo-2-scaled.png\",\"width\":2560,\"height\":1171,\"caption\":\"Soft &amp; Power Hygiene\"},\"image\":{\"@id\":\"https:\/\/softandpower.com\/#\/schema\/logo\/image\/\"}}]}<\/script>\n<!-- \/ Yoast SEO plugin. -->","yoast_head_json":{"title":"About Us - Soft &amp; Power Hygiene","robots":{"index":"index","follow":"follow","max-snippet":"max-snippet:-1","max-image-preview":"max-image-preview:large","max-video-preview":"max-video-preview:-1"},"canonical":"https:\/\/softandpower.com\/de\/about-us\/","og_locale":"de_DE","og_type":"article","og_title":"About Us - Soft &amp; Power Hygiene","og_description":"Vefa Global About Us VEFA GLOBAL PAZARLAMA SANAY\u0130 VE T\u0130CARET L\u0130M\u0130TED \u015e\u0130RKET\u0130, we believe that true care begins with simple yet essential things. That is why we are dedicated to&hellip;","og_url":"https:\/\/softandpower.com\/de\/about-us\/","og_site_name":"Soft &amp; Power Hygiene","article_modified_time":"2026-02-05T11:38:21+00:00","og_image":[{"width":1000,"height":1459,"url":"https:\/\/softandpower.com\/wp-content\/uploads\/2025\/09\/vefa-logo-2.jpg","type":"image\/jpeg"}],"twitter_card":"summary_large_image","twitter_misc":{"Gesch\u00e4tzte Lesezeit":"2\u00a0Minuten"},"schema":{"@context":"https:\/\/schema.org","@graph":[{"@type":"WebPage","@id":"https:\/\/softandpower.com\/about-us\/","url":"https:\/\/softandpower.com\/about-us\/","name":"About Us - Soft &amp; Power Hygiene","isPartOf":{"@id":"https:\/\/softandpower.com\/#website"},"primaryImageOfPage":{"@id":"https:\/\/softandpower.com\/about-us\/#primaryimage"},"image":{"@id":"https:\/\/softandpower.com\/about-us\/#primaryimage"},"thumbnailUrl":"https:\/\/softandpower.com\/wp-content\/uploads\/2025\/09\/vefa-logo-2.jpg","datePublished":"2023-08-22T15:31:12+00:00","dateModified":"2026-02-05T11:38:21+00:00","breadcrumb":{"@id":"https:\/\/softandpower.com\/about-us\/#breadcrumb"},"inLanguage":"de","potentialAction":[{"@type":"ReadAction","target":["https:\/\/softandpower.com\/about-us\/"]}]},{"@type":"ImageObject","inLanguage":"de","@id":"https:\/\/softandpower.com\/about-us\/#primaryimage","url":"https:\/\/softandpower.com\/wp-content\/uploads\/2025\/09\/vefa-logo-2.jpg","contentUrl":"https:\/\/softandpower.com\/wp-content\/uploads\/2025\/09\/vefa-logo-2.jpg"},{"@type":"BreadcrumbList","@id":"https:\/\/softandpower.com\/about-us\/#breadcrumb","itemListElement":[{"@type":"ListItem","position":1,"name":"Home","item":"https:\/\/softandpower.com\/"},{"@type":"ListItem","position":2,"name":"About Us"}]},{"@type":"WebSite","@id":"https:\/\/softandpower.com\/#website","url":"https:\/\/softandpower.com\/","name":"Soft &amp; Power Hygiene","description":"Trusted Baby &amp; Adult Care Solutions","publisher":{"@id":"https:\/\/softandpower.com\/#organization"},"potentialAction":[{"@type":"SearchAction","target":{"@type":"EntryPoint","urlTemplate":"https:\/\/softandpower.com\/?s={search_term_string}"},"query-input":{"@type":"PropertyValueSpecification","valueRequired":true,"valueName":"search_term_string"}}],"inLanguage":"de"},{"@type":"Organization","@id":"https:\/\/softandpower.com\/#organization","name":"Soft &amp; Power Hygiene","url":"https:\/\/softandpower.com\/","logo":{"@type":"ImageObject","inLanguage":"de","@id":"https:\/\/softandpower.com\/#\/schema\/logo\/image\/","url":"https:\/\/softandpower.com\/wp-content\/uploads\/2025\/09\/logo-2-scaled.png","contentUrl":"https:\/\/softandpower.com\/wp-content\/uploads\/2025\/09\/logo-2-scaled.png","width":2560,"height":1171,"caption":"Soft &amp; Power Hygiene"},"image":{"@id":"https:\/\/softandpower.com\/#\/schema\/logo\/image\/"}}]}},"_links":{"self":[{"href":"https:\/\/softandpower.com\/de\/wp-json\/wp\/v2\/pages\/32384","targetHints":{"allow":["GET"]}}],"collection":[{"href":"https:\/\/softandpower.com\/de\/wp-json\/wp\/v2\/pages"}],"about":[{"href":"https:\/\/softandpower.com\/de\/wp-json\/wp\/v2\/types\/page"}],"author":[{"embeddable":true,"href":"https:\/\/softandpower.com\/de\/wp-json\/wp\/v2\/users\/1"}],"replies":[{"embeddable":true,"href":"https:\/\/softandpower.com\/de\/wp-json\/wp\/v2\/comments?post=32384"}],"version-history":[{"count":106,"href":"https:\/\/softandpower.com\/de\/wp-json\/wp\/v2\/pages\/32384\/revisions"}],"predecessor-version":[{"id":39280,"href":"https:\/\/softandpower.com\/de\/wp-json\/wp\/v2\/pages\/32384\/revisions\/39280"}],"wp:attachment":[{"href":"https:\/\/softandpower.com\/de\/wp-json\/wp\/v2\/media?parent=32384"}],"curies":[{"name":"wp","href":"https:\/\/api.w.org\/{rel}","templated":true}]}}