{"id":1453,"date":"2020-12-30T11:12:41","date_gmt":"2020-12-30T11:12:41","guid":{"rendered":"https:\/\/softandpower.com\/?page_id=1453"},"modified":"2026-02-05T11:36:22","modified_gmt":"2026-02-05T11:36:22","slug":"contact","status":"publish","type":"page","link":"https:\/\/softandpower.com\/de\/contact\/","title":{"rendered":"Kontakt"},"content":{"rendered":"<div data-elementor-type=\"wp-page\" data-elementor-id=\"1453\" class=\"elementor elementor-1453\">\n\t\t\t\t\t\t<section class=\"elementor-section elementor-top-section elementor-element elementor-element-74acda52 elementor-section-boxed elementor-section-height-default elementor-section-height-default sc_fly_static\" data-id=\"74acda52\" data-element_type=\"section\">\n\t\t\t\t\t\t<div class=\"elementor-container elementor-column-gap-extended\">\n\t\t\t\t\t<div class=\"elementor-column elementor-col-100 elementor-top-column elementor-element elementor-element-7b1dad3d sc_content_align_inherit sc_layouts_column_icons_position_left sc_fly_static\" data-id=\"7b1dad3d\" data-element_type=\"column\">\n\t\t\t<div class=\"elementor-widget-wrap elementor-element-populated\">\n\t\t\t\t\t\t<div class=\"elementor-element elementor-element-2dca9963 sc_height_large sc_fly_static elementor-widget elementor-widget-spacer\" data-id=\"2dca9963\" data-element_type=\"widget\" data-widget_type=\"spacer.default\">\n\t\t\t\t<div class=\"elementor-widget-container\">\n\t\t\t\t\t\t\t<div class=\"elementor-spacer\">\n\t\t\t<div class=\"elementor-spacer-inner\"><\/div>\n\t\t<\/div>\n\t\t\t\t\t\t<\/div>\n\t\t\t\t<\/div>\n\t\t\t\t<section class=\"elementor-section elementor-inner-section elementor-element elementor-element-5ae49e57 elementor-section-boxed elementor-section-height-default elementor-section-height-default sc_fly_static\" data-id=\"5ae49e57\" data-element_type=\"section\">\n\t\t\t\t\t\t<div class=\"elementor-container elementor-column-gap-no\">\n\t\t\t\t\t<div class=\"elementor-column elementor-col-50 elementor-inner-column elementor-element elementor-element-33aafd9d sc_content_align_inherit sc_layouts_column_icons_position_left sc_fly_static\" data-id=\"33aafd9d\" data-element_type=\"column\">\n\t\t\t<div class=\"elementor-widget-wrap elementor-element-populated\">\n\t\t\t\t\t\t<div class=\"elementor-element elementor-element-3f7e0f33 sc_fly_static elementor-widget elementor-widget-trx_sc_title\" data-id=\"3f7e0f33\" data-element_type=\"widget\" data-widget_type=\"trx_sc_title.default\">\n\t\t\t\t<div class=\"elementor-widget-container\">\n\t\t\t\t\t<div\t\tclass=\"sc_title sc_title_default\" ><h2 class=\"sc_item_title sc_title_title sc_item_title_style_default sc_item_title_tag\"\n\t\t\t><span class=\"sc_item_title_text\">Kontaktieren Sie uns<\/span><\/h2><div class=\"sc_item_descr sc_title_descr\"><p>Sie erreichen uns ganz einfach \u00fcber die unten stehenden Informationen oder das Kontaktformular an der Seite.<\/p>\n<\/div><\/div>\t\t\t\t<\/div>\n\t\t\t\t<\/div>\n\t\t\t\t<div class=\"elementor-element elementor-element-8b6b098 sc_fly_static elementor-widget elementor-widget-spacer\" data-id=\"8b6b098\" data-element_type=\"widget\" data-widget_type=\"spacer.default\">\n\t\t\t\t<div class=\"elementor-widget-container\">\n\t\t\t\t\t\t\t<div class=\"elementor-spacer\">\n\t\t\t<div class=\"elementor-spacer-inner\"><\/div>\n\t\t<\/div>\n\t\t\t\t\t\t<\/div>\n\t\t\t\t<\/div>\n\t\t\t\t<div class=\"elementor-element elementor-element-efda61d sc_fly_static elementor-widget elementor-widget-trx_sc_icons\" data-id=\"efda61d\" data-element_type=\"widget\" data-widget_type=\"trx_sc_icons.default\">\n\t\t\t\t<div class=\"elementor-widget-container\">\n\t\t\t\t\t<div \tclass=\"sc_icons sc_icons_bordered sc_icons_size_small sc_align_left\" ><div class=\"sc_icons_item sc_icons_item_linked\"><div class=\"sc_icons_icon sc_icon_type_ icon-marker\" ><span class=\"sc_icon_type_ icon-marker\"><\/span><\/div><div class=\"sc_icons_item_details\"><h4 class=\"sc_icons_item_title\"><a href=\"https:\/\/share.google\/InE8tT4OZl13kx7Uk\">\n                                    Adresse                                    <\/a><\/h4><div class=\"sc_icons_item_description\"><span>\u00c7aml\u0131k Mah. Sel\u00e7uklu Cad. No: 24\/148 <\/span><span>Kurtk\u00f6y\/Pendik \u0130stanbul<\/span><\/div><a href=\"https:\/\/share.google\/InE8tT4OZl13kx7Uk\"\n                        class=\"sc_icons_item_link\">\n                        <\/a><\/div><\/div><div class=\"sc_icons_item sc_icons_item_linked\"><div class=\"sc_icons_icon sc_icon_type_ icon-iphone\" ><span class=\"sc_icon_type_ icon-iphone\"><\/span><\/div><div class=\"sc_icons_item_details\"><h4 class=\"sc_icons_item_title\"><a href=\"tel:+%2090%200850%20308%202515%20\">\n                                    Telefon                                    <\/a><\/h4><div class=\"sc_icons_item_description\"><span>+ 90 850 308 2515 <\/span><\/div><a href=\"tel:+%2090%200850%20308%202515%20\"\n                        class=\"sc_icons_item_link\">\n                        <\/a><\/div><\/div><div class=\"sc_icons_item sc_icons_item_linked\"><div class=\"sc_icons_icon sc_icon_type_ icon-whatsapp\" ><span class=\"sc_icon_type_ icon-whatsapp\"><\/span><\/div><div class=\"sc_icons_item_details\"><h4 class=\"sc_icons_item_title\"><a href=\"https:\/\/wa.me\/+905396312392\">\n                                    WhatsApp                                    <\/a><\/h4><div class=\"sc_icons_item_description\"><span>+ 90 539 631 23 92  <\/span><\/div><a href=\"https:\/\/wa.me\/+905396312392\"\n                        class=\"sc_icons_item_link\">\n                        <\/a><\/div><\/div><div class=\"sc_icons_item sc_icons_item_linked\"><div class=\"sc_icons_icon sc_icon_type_ icon-envelope-2\" ><span class=\"sc_icon_type_ icon-envelope-2\"><\/span><\/div><div class=\"sc_icons_item_details\"><h4 class=\"sc_icons_item_title\"><a href=\"mailto:info@softandpower.com\">\n                                    Email                                    <\/a><\/h4><div class=\"sc_icons_item_description\"><span>info@softandpower.com<\/span><\/div><a href=\"mailto:info@softandpower.com\"\n                        class=\"sc_icons_item_link\">\n                        <\/a><\/div><\/div><div class=\"sc_icons_item sc_icons_item_linked\"><div class=\"sc_icons_icon sc_icon_type_ icon-envelope-2\" ><span class=\"sc_icon_type_ icon-envelope-2\"><\/span><\/div><div class=\"sc_icons_item_details\"><h4 class=\"sc_icons_item_title\"><a href=\"mailto:export@softandpower.com\">\n                                    Email                                    <\/a><\/h4><div class=\"sc_icons_item_description\"><span>export@softandpower.com<\/span><\/div><a href=\"mailto:export@softandpower.com\"\n                        class=\"sc_icons_item_link\">\n                        <\/a><\/div><\/div><\/div><!-- \/.sc_icons -->\t\t\t\t<\/div>\n\t\t\t\t<\/div>\n\t\t\t\t<div class=\"elementor-element elementor-element-305c524 sc_layouts_hide_on_wide sc_layouts_hide_on_desktop sc_layouts_hide_on_notebook sc_layouts_hide_on_tablet sc_fly_static elementor-widget elementor-widget-spacer\" data-id=\"305c524\" data-element_type=\"widget\" data-widget_type=\"spacer.default\">\n\t\t\t\t<div class=\"elementor-widget-container\">\n\t\t\t\t\t\t\t<div class=\"elementor-spacer\">\n\t\t\t<div class=\"elementor-spacer-inner\"><\/div>\n\t\t<\/div>\n\t\t\t\t\t\t<\/div>\n\t\t\t\t<\/div>\n\t\t\t\t\t<\/div>\n\t\t<\/div>\n\t\t\t\t<div class=\"elementor-column elementor-col-50 elementor-inner-column elementor-element elementor-element-30a8b690 sc_content_align_inherit sc_layouts_column_icons_position_left sc_fly_static\" data-id=\"30a8b690\" data-element_type=\"column\">\n\t\t\t<div class=\"elementor-widget-wrap elementor-element-populated\">\n\t\t\t\t\t\t<div class=\"elementor-element elementor-element-2a13d31 scheme_light sc_fly_static elementor-widget elementor-widget-trx_sc_contact_form_7\" data-id=\"2a13d31\" data-element_type=\"widget\" data-widget_type=\"trx_sc_contact_form_7.default\">\n\t\t\t\t<div class=\"elementor-widget-container\">\n\t\t\t\t\t\n<div class=\"wpcf7 no-js\" id=\"wpcf7-f1413-o1\" lang=\"en-US\" dir=\"ltr\" data-wpcf7-id=\"1413\">\n<div class=\"screen-reader-response\"><p role=\"status\" aria-live=\"polite\" aria-atomic=\"true\"><\/p> <ul><\/ul><\/div>\n<form action=\"\/de\/wp-json\/wp\/v2\/pages\/1453#wpcf7-f1413-o1\" method=\"post\" class=\"wpcf7-form init\" aria-label=\"Contact form\" novalidate=\"novalidate\" data-status=\"init\" data-trp-original-action=\"\/de\/wp-json\/wp\/v2\/pages\/1453#wpcf7-f1413-o1\">\n<fieldset class=\"hidden-fields-container\"><input type=\"hidden\" name=\"_wpcf7\" value=\"1413\" \/><input type=\"hidden\" name=\"_wpcf7_version\" value=\"6.1.1\" \/><input type=\"hidden\" name=\"_wpcf7_locale\" value=\"en_US\" \/><input type=\"hidden\" name=\"_wpcf7_unit_tag\" value=\"wpcf7-f1413-o1\" \/><input type=\"hidden\" name=\"_wpcf7_container_post\" value=\"0\" \/><input type=\"hidden\" name=\"_wpcf7_posted_data_hash\" value=\"\" \/>\n<\/fieldset>\n<div class=\"form-style-7\">\n\t<div class=\"columns_wrap\">\n\t\t<div class=\"column-1_1\">\n\t\t\t<p><span class=\"style-line icon-name\"><span class=\"wpcf7-form-control-wrap\" data-name=\"your-name\"><input size=\"40\" maxlength=\"400\" class=\"wpcf7-form-control wpcf7-text wpcf7-validates-as-required\" aria-required=\"true\" aria-invalid=\"false\" placeholder=\"Vor und Nachname\" value=\"\" type=\"text\" name=\"your-name\" \/><\/span><\/span>\n\t\t\t<\/p>\n\t\t<\/div>\n\t\t<div class=\"column-1_1\">\n\t\t\t<p><span class=\"style-line icon-phone\"><span class=\"wpcf7-form-control-wrap\" data-name=\"phone\"><input size=\"40\" maxlength=\"400\" class=\"wpcf7-form-control wpcf7-tel wpcf7-validates-as-required wpcf7-text wpcf7-validates-as-tel\" aria-required=\"true\" aria-invalid=\"false\" placeholder=\"Telefon\" value=\"\" type=\"tel\" name=\"phone\" \/><\/span><\/span>\n\t\t\t<\/p>\n\t\t<\/div>\n\t\t<div class=\"column-1_1\">\n\t\t\t<p><span class=\"style-line icon-email\"><span class=\"wpcf7-form-control-wrap\" data-name=\"your-email\"><input size=\"40\" maxlength=\"400\" class=\"wpcf7-form-control wpcf7-email wpcf7-validates-as-required wpcf7-text wpcf7-validates-as-email\" aria-required=\"true\" aria-invalid=\"false\" placeholder=\"Email\" value=\"\" type=\"email\" name=\"your-email\" \/><\/span><\/span>\n\t\t\t<\/p>\n\t\t<\/div>\n\t\t<div class=\"column-1_1\">\n\t\t\t<p><span class=\"style-line icon-subject\"><span class=\"wpcf7-form-control-wrap\" data-name=\"subject\"><input size=\"40\" maxlength=\"400\" class=\"wpcf7-form-control wpcf7-text wpcf7-validates-as-required\" aria-required=\"true\" aria-invalid=\"false\" placeholder=\"Thema\" value=\"\" type=\"text\" name=\"subject\" \/><\/span><\/span>\n\t\t\t<\/p>\n\t\t<\/div>\n\t<\/div>\n\t<div class=\"columns_wrap margin-bottom\">\n\t\t<div class=\"column-1_1\">\n\t\t\t<p><span class=\"style-line icon-textarea\"><span class=\"wpcf7-form-control-wrap\" data-name=\"your-message\"><textarea cols=\"40\" rows=\"10\" maxlength=\"2000\" class=\"wpcf7-form-control wpcf7-textarea wpcf7-validates-as-required\" aria-required=\"true\" aria-invalid=\"false\" placeholder=\"Wie k\u00f6nnen wir Ihnen helfen? Nehmen Sie Kontakt mit uns auf!\" name=\"your-message\"><\/textarea><\/span><\/span>\n\t\t\t<\/p>\n\t\t<\/div>\n\t<\/div>\n\t<p><input class=\"wpcf7-form-control wpcf7-submit has-spinner\" type=\"submit\" value=\"Kontaktieren Sie uns\" \/>\n\t<\/p>\n<\/div><div class=\"wpcf7-response-output\" aria-hidden=\"true\"><\/div>\n<input type=\"hidden\" name=\"trp-form-language\" value=\"de\"\/><\/form>\n<\/div>\n\t\t\t\t<\/div>\n\t\t\t\t<\/div>\n\t\t\t\t\t<\/div>\n\t\t<\/div>\n\t\t\t\t\t<\/div>\n\t\t<\/section>\n\t\t\t\t\t<\/div>\n\t\t<\/div>\n\t\t\t\t\t<\/div>\n\t\t<\/section>\n\t\t\t\t<section class=\"elementor-section elementor-top-section elementor-element elementor-element-349f7da elementor-section-boxed elementor-section-height-default elementor-section-height-default sc_fly_static\" data-id=\"349f7da\" data-element_type=\"section\">\n\t\t\t\t\t\t<div class=\"elementor-container elementor-column-gap-extended\">\n\t\t\t\t\t<div class=\"elementor-column elementor-col-100 elementor-top-column elementor-element elementor-element-8a05acd sc_content_align_inherit sc_layouts_column_icons_position_left sc_fly_static\" data-id=\"8a05acd\" data-element_type=\"column\">\n\t\t\t<div class=\"elementor-widget-wrap elementor-element-populated\">\n\t\t\t\t\t\t<div class=\"elementor-element elementor-element-0e48d96 sc_height_large sc_fly_static elementor-widget elementor-widget-spacer\" data-id=\"0e48d96\" data-element_type=\"widget\" data-widget_type=\"spacer.default\">\n\t\t\t\t<div class=\"elementor-widget-container\">\n\t\t\t\t\t\t\t<div class=\"elementor-spacer\">\n\t\t\t<div class=\"elementor-spacer-inner\"><\/div>\n\t\t<\/div>\n\t\t\t\t\t\t<\/div>\n\t\t\t\t<\/div>\n\t\t\t\t<div class=\"elementor-element elementor-element-593df8f6 sc_fly_static elementor-widget elementor-widget-trx_sc_googlemap\" data-id=\"593df8f6\" data-element_type=\"widget\" data-widget_type=\"trx_sc_googlemap.default\">\n\t\t\t\t<div class=\"elementor-widget-container\">\n\t\t\t\t\t<div id=\"sc_googlemap_1217042408_wrap\" class=\"sc_googlemap_wrap\"><div id=\"sc_googlemap_1217042408\"\t\t\tclass=\"sc_item_content sc_map sc_googlemap sc_googlemap_default trx_addons_inline_1381480723\"\n\t\t\t \t\t\tdata-zoom=\"12\"\n\t\t\tdata-center=\"\"\n\t\t\tdata-style=\"extra\"\n\t\t\tdata-map-id=\"\"\n\t\t\tdata-cluster-icon=\"\"\n\t\t\t><iframe\n\t\t\t\t\t\tsrc=\"https:\/\/maps.google.com\/maps?t=m&output=embed&iwloc=near&z=12&q=Vefa+Global+Pendik\"\n\t\t\t\t\t\taria-label=\"One\"><\/iframe><\/div><\/div>\t\t\t\t<\/div>\n\t\t\t\t<\/div>\n\t\t\t\t\t<\/div>\n\t\t<\/div>\n\t\t\t\t\t<\/div>\n\t\t<\/section>\n\t\t\t\t<section class=\"elementor-section elementor-top-section elementor-element elementor-element-5e83ae69 elementor-section-boxed elementor-section-height-default elementor-section-height-default sc_fly_static\" data-id=\"5e83ae69\" data-element_type=\"section\">\n\t\t\t\t\t\t<div class=\"elementor-container elementor-column-gap-no\">\n\t\t\t\t\t<div class=\"elementor-column elementor-col-100 elementor-top-column elementor-element elementor-element-20ffe249 sc_content_align_inherit sc_layouts_column_icons_position_left sc_fly_static\" data-id=\"20ffe249\" data-element_type=\"column\">\n\t\t\t<div class=\"elementor-widget-wrap elementor-element-populated\">\n\t\t\t\t\t\t<div class=\"elementor-element elementor-element-6cd43083 sc_height_large sc_fly_static elementor-widget elementor-widget-spacer\" data-id=\"6cd43083\" data-element_type=\"widget\" data-widget_type=\"spacer.default\">\n\t\t\t\t<div class=\"elementor-widget-container\">\n\t\t\t\t\t\t\t<div class=\"elementor-spacer\">\n\t\t\t<div class=\"elementor-spacer-inner\"><\/div>\n\t\t<\/div>\n\t\t\t\t\t\t<\/div>\n\t\t\t\t<\/div>\n\t\t\t\t\t<\/div>\n\t\t<\/div>\n\t\t\t\t\t<\/div>\n\t\t<\/section>\n\t\t\t\t<\/div>","protected":false},"excerpt":{"rendered":"<p>Contact Us You can easily reach us using the information below or the contact form on the side. Address \u00c7aml\u0131k Mah. Sel\u00e7uklu Cad. No: 24\/148 Kurtk\u00f6y\/Pendik \u0130stanbul Phone + 90&hellip;<\/p>","protected":false},"author":1,"featured_media":0,"parent":0,"menu_order":0,"comment_status":"closed","ping_status":"closed","template":"","meta":{"footnotes":""},"class_list":["post-1453","page","type-page","status-publish","hentry"],"yoast_head":"<!-- This site is optimized with the Yoast SEO plugin v25.8 - https:\/\/yoast.com\/wordpress\/plugins\/seo\/ -->\n<title>Contact - Soft &amp; Power Hygiene<\/title>\n<meta name=\"robots\" content=\"index, follow, max-snippet:-1, max-image-preview:large, max-video-preview:-1\" \/>\n<link rel=\"canonical\" href=\"https:\/\/softandpower.com\/de\/contact\/\" \/>\n<meta property=\"og:locale\" content=\"de_DE\" \/>\n<meta property=\"og:type\" content=\"article\" \/>\n<meta property=\"og:title\" content=\"Contact - Soft &amp; Power Hygiene\" \/>\n<meta property=\"og:description\" content=\"Contact Us You can easily reach us using the information below or the contact form on the side. Address \u00c7aml\u0131k Mah. Sel\u00e7uklu Cad. No: 24\/148 Kurtk\u00f6y\/Pendik \u0130stanbul Phone + 90&hellip;\" \/>\n<meta property=\"og:url\" content=\"https:\/\/softandpower.com\/de\/contact\/\" \/>\n<meta property=\"og:site_name\" content=\"Soft &amp; Power Hygiene\" \/>\n<meta property=\"article:modified_time\" content=\"2026-02-05T11:36:22+00:00\" \/>\n<meta name=\"twitter:card\" content=\"summary_large_image\" \/>\n<meta name=\"twitter:label1\" content=\"Gesch\u00e4tzte Lesezeit\" \/>\n\t<meta name=\"twitter:data1\" content=\"1\u00a0Minute\" \/>\n<script type=\"application\/ld+json\" class=\"yoast-schema-graph\">{\"@context\":\"https:\/\/schema.org\",\"@graph\":[{\"@type\":\"WebPage\",\"@id\":\"https:\/\/softandpower.com\/contact\/\",\"url\":\"https:\/\/softandpower.com\/contact\/\",\"name\":\"Contact - Soft &amp; Power Hygiene\",\"isPartOf\":{\"@id\":\"https:\/\/softandpower.com\/#website\"},\"datePublished\":\"2020-12-30T11:12:41+00:00\",\"dateModified\":\"2026-02-05T11:36:22+00:00\",\"breadcrumb\":{\"@id\":\"https:\/\/softandpower.com\/contact\/#breadcrumb\"},\"inLanguage\":\"de\",\"potentialAction\":[{\"@type\":\"ReadAction\",\"target\":[\"https:\/\/softandpower.com\/contact\/\"]}]},{\"@type\":\"BreadcrumbList\",\"@id\":\"https:\/\/softandpower.com\/contact\/#breadcrumb\",\"itemListElement\":[{\"@type\":\"ListItem\",\"position\":1,\"name\":\"Home\",\"item\":\"https:\/\/softandpower.com\/\"},{\"@type\":\"ListItem\",\"position\":2,\"name\":\"Contact\"}]},{\"@type\":\"WebSite\",\"@id\":\"https:\/\/softandpower.com\/#website\",\"url\":\"https:\/\/softandpower.com\/\",\"name\":\"Soft &amp; Power Hygiene\",\"description\":\"Trusted Baby &amp; Adult Care Solutions\",\"publisher\":{\"@id\":\"https:\/\/softandpower.com\/#organization\"},\"potentialAction\":[{\"@type\":\"SearchAction\",\"target\":{\"@type\":\"EntryPoint\",\"urlTemplate\":\"https:\/\/softandpower.com\/?s={search_term_string}\"},\"query-input\":{\"@type\":\"PropertyValueSpecification\",\"valueRequired\":true,\"valueName\":\"search_term_string\"}}],\"inLanguage\":\"de\"},{\"@type\":\"Organization\",\"@id\":\"https:\/\/softandpower.com\/#organization\",\"name\":\"Soft &amp; Power Hygiene\",\"url\":\"https:\/\/softandpower.com\/\",\"logo\":{\"@type\":\"ImageObject\",\"inLanguage\":\"de\",\"@id\":\"https:\/\/softandpower.com\/#\/schema\/logo\/image\/\",\"url\":\"https:\/\/softandpower.com\/wp-content\/uploads\/2025\/09\/logo-2-scaled.png\",\"contentUrl\":\"https:\/\/softandpower.com\/wp-content\/uploads\/2025\/09\/logo-2-scaled.png\",\"width\":2560,\"height\":1171,\"caption\":\"Soft &amp; Power Hygiene\"},\"image\":{\"@id\":\"https:\/\/softandpower.com\/#\/schema\/logo\/image\/\"}}]}<\/script>\n<!-- \/ Yoast SEO plugin. -->","yoast_head_json":{"title":"Contact - Soft &amp; Power Hygiene","robots":{"index":"index","follow":"follow","max-snippet":"max-snippet:-1","max-image-preview":"max-image-preview:large","max-video-preview":"max-video-preview:-1"},"canonical":"https:\/\/softandpower.com\/de\/contact\/","og_locale":"de_DE","og_type":"article","og_title":"Contact - Soft &amp; Power Hygiene","og_description":"Contact Us You can easily reach us using the information below or the contact form on the side. Address \u00c7aml\u0131k Mah. Sel\u00e7uklu Cad. No: 24\/148 Kurtk\u00f6y\/Pendik \u0130stanbul Phone + 90&hellip;","og_url":"https:\/\/softandpower.com\/de\/contact\/","og_site_name":"Soft &amp; Power Hygiene","article_modified_time":"2026-02-05T11:36:22+00:00","twitter_card":"summary_large_image","twitter_misc":{"Gesch\u00e4tzte Lesezeit":"1\u00a0Minute"},"schema":{"@context":"https:\/\/schema.org","@graph":[{"@type":"WebPage","@id":"https:\/\/softandpower.com\/contact\/","url":"https:\/\/softandpower.com\/contact\/","name":"Contact - Soft &amp; Power Hygiene","isPartOf":{"@id":"https:\/\/softandpower.com\/#website"},"datePublished":"2020-12-30T11:12:41+00:00","dateModified":"2026-02-05T11:36:22+00:00","breadcrumb":{"@id":"https:\/\/softandpower.com\/contact\/#breadcrumb"},"inLanguage":"de","potentialAction":[{"@type":"ReadAction","target":["https:\/\/softandpower.com\/contact\/"]}]},{"@type":"BreadcrumbList","@id":"https:\/\/softandpower.com\/contact\/#breadcrumb","itemListElement":[{"@type":"ListItem","position":1,"name":"Home","item":"https:\/\/softandpower.com\/"},{"@type":"ListItem","position":2,"name":"Contact"}]},{"@type":"WebSite","@id":"https:\/\/softandpower.com\/#website","url":"https:\/\/softandpower.com\/","name":"Soft &amp; Power Hygiene","description":"Trusted Baby &amp; Adult Care Solutions","publisher":{"@id":"https:\/\/softandpower.com\/#organization"},"potentialAction":[{"@type":"SearchAction","target":{"@type":"EntryPoint","urlTemplate":"https:\/\/softandpower.com\/?s={search_term_string}"},"query-input":{"@type":"PropertyValueSpecification","valueRequired":true,"valueName":"search_term_string"}}],"inLanguage":"de"},{"@type":"Organization","@id":"https:\/\/softandpower.com\/#organization","name":"Soft &amp; Power Hygiene","url":"https:\/\/softandpower.com\/","logo":{"@type":"ImageObject","inLanguage":"de","@id":"https:\/\/softandpower.com\/#\/schema\/logo\/image\/","url":"https:\/\/softandpower.com\/wp-content\/uploads\/2025\/09\/logo-2-scaled.png","contentUrl":"https:\/\/softandpower.com\/wp-content\/uploads\/2025\/09\/logo-2-scaled.png","width":2560,"height":1171,"caption":"Soft &amp; Power Hygiene"},"image":{"@id":"https:\/\/softandpower.com\/#\/schema\/logo\/image\/"}}]}},"_links":{"self":[{"href":"https:\/\/softandpower.com\/de\/wp-json\/wp\/v2\/pages\/1453","targetHints":{"allow":["GET"]}}],"collection":[{"href":"https:\/\/softandpower.com\/de\/wp-json\/wp\/v2\/pages"}],"about":[{"href":"https:\/\/softandpower.com\/de\/wp-json\/wp\/v2\/types\/page"}],"author":[{"embeddable":true,"href":"https:\/\/softandpower.com\/de\/wp-json\/wp\/v2\/users\/1"}],"replies":[{"embeddable":true,"href":"https:\/\/softandpower.com\/de\/wp-json\/wp\/v2\/comments?post=1453"}],"version-history":[{"count":42,"href":"https:\/\/softandpower.com\/de\/wp-json\/wp\/v2\/pages\/1453\/revisions"}],"predecessor-version":[{"id":39277,"href":"https:\/\/softandpower.com\/de\/wp-json\/wp\/v2\/pages\/1453\/revisions\/39277"}],"wp:attachment":[{"href":"https:\/\/softandpower.com\/de\/wp-json\/wp\/v2\/media?parent=1453"}],"curies":[{"name":"wp","href":"https:\/\/api.w.org\/{rel}","templated":true}]}}